{"id":105,"date":"2025-09-12T19:58:29","date_gmt":"2025-09-12T19:58:29","guid":{"rendered":"https:\/\/rediseg.com\/?page_id=105"},"modified":"2026-02-16T16:26:01","modified_gmt":"2026-02-16T16:26:01","slug":"comunicadores-universales-sistemas-de-alarmas-4g-e-ip","status":"publish","type":"page","link":"https:\/\/rediseg.com\/index.php\/comunicadores-universales-sistemas-de-alarmas-4g-e-ip\/","title":{"rendered":"GPRS Comunicadores Universales &#8211; Sistemas de\u00a0Alarmas\u00a04G\u00a0e\u00a0IP"},"content":{"rendered":"\n<main class=\"plabs_service\">\n    <div class=\"plabs_service_hero\">\n        <div>\n            <img decoding=\"async\" width=\"100%\" src=\"\/wp-content\/uploads\/2025\/09\/epx400.png\" alt=\"\">\n        <\/div>\n        <div class=\"plabs_service_content\">\n\n\n            <h3>GPRS Comunicadores Universales <br> para Sistemas de Alarmas 4G e IP<\/h3>\n            <p>Soluciones de comunicaci\u00f3n seguras y confiables para convertir sistemas de alarma convencionales a\n                transmisi\u00f3n digital con servicios adicionales.<\/p>\n\n\n            <div class=\"plabs_service_acordeon\">\n                <!-- Item 1 -->\n                <div class=\"plabs_service_acordeon_item\">\n                    <div class=\"plabs_service_acordeon_header\">\n                        <div class=\"plabs_service_acordeon_header_content\">\n                            <img decoding=\"async\" width=\"17px\" src=\"\/wp-content\/uploads\/2025\/09\/caracteristicas.png\" alt=\"\">\n                            <h4>DESCRIPCI\u00d3N<\/h4>\n                        <\/div>\n                        <div>\n                            <svg width=\"14\" height=\"8\" viewBox=\"0 0 14 8\" fill=\"none\"\n                                xmlns=\"http:\/\/www.w3.org\/2000\/svg\">\n                                <path fill-rule=\"evenodd\" clip-rule=\"evenodd\"\n                                    d=\"M13.6922 1.44219L7.44219 7.69219C7.32496 7.80955 7.16588 7.87549 7 7.87549C6.83412 7.87549 6.67504 7.80955 6.55781 7.69219L0.307812 1.44219C0.0635991 1.19797 0.0635991 0.802026 0.307812 0.557813C0.552026 0.313599 0.947974 0.313599 1.19219 0.557813L7 6.36641L12.8078 0.557813C13.052 0.313599 13.448 0.313599 13.6922 0.557813C13.9364 0.802026 13.9364 1.19797 13.6922 1.44219Z\"\n                                    fill=\"#122E5C\" \/>\n                            <\/svg>\n                        <\/div>\n                    <\/div>\n                    <div class=\"plabs_service_acordeon_content\">\n                        <p>\n                            Los comunicadores universales para sistemas de alarma de Solutec, garantizan una\n                            comunicaci\u00f3n r\u00e1pida, estable y segura a trav\u00e9s de la red de telefon\u00eda m\u00f3vil. Adem\u00e1s, hacen\n                            un uso \u00f3ptimo del ancho de banda con un bajo consumo de datos. Los protocolos GPRS y LTE son\n                            optimizados para la transmisi\u00f3n de eventos de alarmas en 4G. Los comunicadores de Solutec\n                            son ideales para la realizaci\u00f3n de migraciones tecnol\u00f3gicas y programas masivos de\n                            instalaci\u00f3n de alarmas.\n                        <\/p>\n                    <\/div>\n                <\/div>\n                <!-- Item 1 -->\n\n\n                <!-- Item 2-->\n                <div class=\"plabs_service_acordeon_item\">\n                    <div class=\"plabs_service_acordeon_header\">\n                        <div class=\"plabs_service_acordeon_header_content\">\n                            <img decoding=\"async\" width=\"17px\" src=\"\/wp-content\/uploads\/2025\/09\/sectores.png\" alt=\"\">\n                            <h4>ESPECIFICACIONES T\u00c9CNICAS<\/h4>\n                        <\/div>\n                        <div>\n                            <svg width=\"14\" height=\"8\" viewBox=\"0 0 14 8\" fill=\"none\"\n                                xmlns=\"http:\/\/www.w3.org\/2000\/svg\">\n                                <path fill-rule=\"evenodd\" clip-rule=\"evenodd\"\n                                    d=\"M13.6922 1.44219L7.44219 7.69219C7.32496 7.80955 7.16588 7.87549 7 7.87549C6.83412 7.87549 6.67504 7.80955 6.55781 7.69219L0.307812 1.44219C0.0635991 1.19797 0.0635991 0.802026 0.307812 0.557813C0.552026 0.313599 0.947974 0.313599 1.19219 0.557813L7 6.36641L12.8078 0.557813C13.052 0.313599 13.448 0.313599 13.6922 0.557813C13.9364 0.802026 13.9364 1.19797 13.6922 1.44219Z\"\n                                    fill=\"#122E5C\" \/>\n                            <\/svg>\n                        <\/div>\n                    <\/div>\n                    <div class=\"plabs_service_acordeon_content\">\n                        <header>\n                            <h2>Transmisores Universales<\/h2>\n                            <p>Tecnolog\u00eda GPRS\/4G<\/p>\n                        <\/header>\n\n                        <!-- Transmisor LX2M -->\n                        <article class=\"transmisor\">\n                            <h3>Transmisor LX2M<\/h3>\n                            <p class=\"subtitulo\">Una peque\u00f1a soluci\u00f3n con grandes posibilidades<\/p>\n                            <p>\n                                Es una plataforma de comunicaci\u00f3n completa que se utiliza para transferir datos en\n                                tiempo real desde el panel de control de alarma a la estaci\u00f3n de monitoreo utilizando la\n                                red celular 2G\/4G.\n                                Este dispositivo permite la conexi\u00f3n a la central de alarma a trav\u00e9s de la l\u00ednea\n                                telef\u00f3nica (mediante el marcador DTMF de la central).\n                            <\/p>\n                            <ul>\n                                <li>Comunicaci\u00f3n 3G o LTE<\/li>\n                                <li>Buen precio<\/li>\n                                <li>4 entradas<\/li>\n                                <li>4 entradas o salidas<\/li>\n                                <li>Cantidad de eventos propios del sistema almacenados en el historial: m\u00edn. 5000<\/li>\n                                <li>Seguridad en la transmisi\u00f3n de datos: cifrado AES (GPRS, LTE-FDD, SMS)<\/li>\n                                <li>Actualizaci\u00f3n remota de firmware: S\u00ed<\/li>\n                                <li>Universal: use las terminales RING y TIP para conectar cualquier panel de alarma en\n                                    formato Contact ID o SIA sin importar su marca<\/li>\n                                <li>Anti-jamming<\/li>\n                                <li>Encriptado AES<\/li>\n                                <li>App de instalaci\u00f3n<\/li>\n                                <li>Apps para cliente<\/li>\n                                <li>Receptor virtual<\/li>\n                            <\/ul>\n                        <\/article>\n\n                        <!-- Transmisor LX30B-Q40T -->\n                        <article class=\"transmisor\">\n                            <h3>Transmisor LX30B-Q40T<\/h3>\n                            <p class=\"subtitulo\">El m\u00e1s confiable de su g\u00e9nero<\/p>\n                            <p>Ded\u00edquese a su negocio sin perder el control.<\/p>\n                            <p>\n                                El comunicador universal LX30B-Q40T opera en cualquier red y frecuencia en 2G y 4G\n                                (LTE), as\u00ed como con cualquier sistema de alarmas en formato Contact ID o SIA.\n                            <\/p>\n                            <p><strong>Conexi\u00f3n directa a trav\u00e9s del bus de datos para paneles de alarma:<\/strong><\/p>\n                            <ul>\n                                <li>DSC serie Classic y Power<\/li>\n                                <li>Paradox EVO, SP y MG<\/li>\n                                <li>Honeywell de la serie Vista<\/li>\n                            <\/ul>\n                            <p>\n                                El LX30B-Q40T cuenta con 8 entradas\/salidas configurables para extender sus\n                                funcionalidades.\n                                Asimismo, detecta inhibidores celulares o <em>jammers<\/em> (equipos que anulan la\n                                comunicaci\u00f3n v\u00eda radio).\n                            <\/p>\n                            <p><strong>\u00a1Comunicador 4G, con todas las bandas de Latinoam\u00e9rica!<\/strong><\/p>\n                        <\/article>\n\n                        <!-- Transmisor EPX400 -->\n                        <article class=\"transmisor\">\n                            <h3>Transmisor EPX400<\/h3>\n                            <p class=\"subtitulo\">Todo en Uno \u2014 GPRS\/EDGE\/3G\/IP con Downloading<\/p>\n                            <p>M\u00faltiples canales de comunicaci\u00f3n con Downloading.<\/p>\n                            <p>\n                                La soluci\u00f3n completa de transmisi\u00f3n para los m\u00e1s exigentes: elecci\u00f3n de la secuencia de\n                                respaldo, cambio autom\u00e1tico de canal, sistema anti-jamming y downloading de sistemas de\n                                alarma.\n                            <\/p>\n                            <p><strong>M\u00e1s funciones:<\/strong><\/p>\n                            <ul>\n                                <li>Canales de transmisi\u00f3n: GPRS, 3G, IP (LAN), SMS, PSTN<\/li>\n                                <li>9 entradas NO, NC y supervisadas con EOL o DEOL<\/li>\n                                <li>2 salidas de colector abierto<\/li>\n                                <li>1 salida de rel\u00e9 N.O.\/N.C., 1 A @ 30 VDC<\/li>\n                                <li>Protocolo de comunicaci\u00f3n: Contact ID y SIA<\/li>\n                                <li>Configuraci\u00f3n remota v\u00eda SMS, GPRS, IP<\/li>\n                            <\/ul>\n                        <\/article>\n                    <\/div>\n                <\/div>\n                <!-- Item 2-->\n\n\n                <!-- Item 3-->\n                <div class=\"plabs_service_acordeon_item\">\n                    <div class=\"plabs_service_acordeon_header\">\n                        <div class=\"plabs_service_acordeon_header_content\">\n                            <img decoding=\"async\" width=\"17px\" src=\"\/wp-content\/uploads\/2025\/09\/beneficios.png\" alt=\"\">\n                            <h4>BENEFICIOS<\/h4>\n                        <\/div>\n                        <div>\n                            <svg width=\"14\" height=\"8\" viewBox=\"0 0 14 8\" fill=\"none\"\n                                xmlns=\"http:\/\/www.w3.org\/2000\/svg\">\n                                <path fill-rule=\"evenodd\" clip-rule=\"evenodd\"\n                                    d=\"M13.6922 1.44219L7.44219 7.69219C7.32496 7.80955 7.16588 7.87549 7 7.87549C6.83412 7.87549 6.67504 7.80955 6.55781 7.69219L0.307812 1.44219C0.0635991 1.19797 0.0635991 0.802026 0.307812 0.557813C0.552026 0.313599 0.947974 0.313599 1.19219 0.557813L7 6.36641L12.8078 0.557813C13.052 0.313599 13.448 0.313599 13.6922 0.557813C13.9364 0.802026 13.9364 1.19797 13.6922 1.44219Z\"\n                                    fill=\"#122E5C\" \/>\n                            <\/svg>\n                        <\/div>\n                    <\/div>\n                    <div class=\"plabs_service_acordeon_content\">\n                        <p>\n                        <h4>Receptor de se\u00f1ales gratuito<\/h4>\n\n                        Use el receptor de software OSM, sin ninguna inversi\u00f3n, para recibir se\u00f1ales desde cualquier\n                        sistema de alarma y entregar a cualquier software de monitoreo del mercado. Una instalaci\u00f3n de\n                        OSM soporta hasta 10.000 unidades.\n                        <br><br>\n                        Configuraci\u00f3n v\u00eda bluetooth desde el tel\u00e9fono o tablet\n                        <br><br>\n                        Ahorre hasta un 50% de tiempo en las instalaciones.\n                        Su personal t\u00e9cnico adorar\u00e1 la nueva forma de configurar y diagnosticar un sistema de\n                        transmisi\u00f3n: f\u00e1cil, r\u00e1pido y seguro.\n                        <\/p>\n                    <\/div>\n                <\/div>\n                <!-- Item 3-->\n\n\n                <!-- Item 4-->\n                <div class=\"plabs_service_acordeon_item\">\n                    <div class=\"plabs_service_acordeon_header\">\n                        <div class=\"plabs_service_acordeon_header_content\">\n                            <img decoding=\"async\" width=\"17px\" src=\"\/wp-content\/uploads\/2025\/09\/experiencia.png\" alt=\"\">\n                            <h4>GARANT\u00cdA Y SOPORTE<\/h4>\n                        <\/div>\n                        <div>\n                            <svg width=\"14\" height=\"8\" viewBox=\"0 0 14 8\" fill=\"none\"\n                                xmlns=\"http:\/\/www.w3.org\/2000\/svg\">\n                                <path fill-rule=\"evenodd\" clip-rule=\"evenodd\"\n                                    d=\"M13.6922 1.44219L7.44219 7.69219C7.32496 7.80955 7.16588 7.87549 7 7.87549C6.83412 7.87549 6.67504 7.80955 6.55781 7.69219L0.307812 1.44219C0.0635991 1.19797 0.0635991 0.802026 0.307812 0.557813C0.552026 0.313599 0.947974 0.313599 1.19219 0.557813L7 6.36641L12.8078 0.557813C13.052 0.313599 13.448 0.313599 13.6922 0.557813C13.9364 0.802026 13.9364 1.19797 13.6922 1.44219Z\"\n                                    fill=\"#122E5C\" \/>\n                            <\/svg>\n                        <\/div>\n                    <\/div>\n                    <div class=\"plabs_service_acordeon_content\">\n                        <p>\n                            Garantia de 1 a\u00f1o a partir de la fecha de la factura\n                        <\/p>\n                    <\/div>\n                <\/div>\n                <!-- Item 4-->\n\n                <a href=\"#\" target=\"_blank\" class=\"plabs_service_acordeon_pdf-download\">\n                    <div class=\"plabs_service_acordeon_pdf-flex\">\n                        <img decoding=\"async\" src=\"\/wp-content\/uploads\/2025\/09\/pdf.png\" width=\"17px\" alt=\"\">\n                       <p>PDF<\/p>\n                    <\/div>\n\n                    <img decoding=\"async\" src=\"\/wp-content\/uploads\/2025\/09\/download.png\" width=\"17px\" alt=\"\">\n                <\/a>\n\n            <\/div>\n\n        <\/div>\n    <\/div>\n\n    <div style=\"background-color: #FFF;\">\n\n        <div class=\"plabs_service_cta\">\n            <h4>\n                <span class=\"plabs_service_cta_title_v1\">\n                    &#8220;Su seguridad es\n                    <br>\n                    nuestro compromiso&#8221;\n                <\/span>\n                <br>\n                <span class=\"plabs_service_cta_title_v2\">\n                    \u00bfPor qu\u00e9 elegirnos?\n                <\/span>\n            <\/h4>\n            <div class=\"plabs_service_absolute_line\"><\/div>\n            <div class=\"plabs_service_line\">\n                <div class=\"i_d_section_timeline_item\">\n                    <div class=\"plabs_service_icon\">\n                        <img decoding=\"async\" src=\"\/wp-content\/uploads\/2025\/09\/tech-1.png\" \/>\n                    <\/div>\n                    <p class=\"plabs_service_cta_title\">Tecnolog\u00eda de\n                        <br>\n                        \u00faltima generaci\u00f3n\n                    <\/p>\n                <\/div>\n\n                <div class=\"i_d_section_timeline_item\">\n                    <div class=\"plabs_service_icon\">\n                        <img decoding=\"async\" src=\"\/wp-content\/uploads\/2025\/09\/instalation.png\" \/>\n                    <\/div>\n                    <p class=\"plabs_service_cta_title\">Instalaci\u00f3n\n                        <br>\n                        Profesional\n                    <\/p>\n                <\/div>\n\n\n                <div class=\"i_d_section_timeline_item\">\n                    <div class=\"plabs_service_icon\">\n                        <img decoding=\"async\" src=\"\/wp-content\/uploads\/2025\/09\/support.png\" \/>\n                    <\/div>\n                    <p class=\"plabs_service_cta_title\">Soporte 24\/7\n                    <\/p>\n                <\/div>\n\n                <div class=\"i_d_section_timeline_item\">\n                    <div class=\"plabs_service_icon\">\n                        <img decoding=\"async\" src=\"\/wp-content\/uploads\/2025\/09\/solutions.png\" \/>\n                    <\/div>\n                    <p class=\"plabs_service_cta_title\">Soluciones\n                        <br>\n                        Personalizadas\n                    <\/p>\n                <\/div>\n\n                <div class=\"i_d_section_timeline_item\">\n                    <div class=\"plabs_service_icon\">\n                        <img decoding=\"async\" src=\"\/wp-content\/uploads\/2025\/09\/free_attention.png\" \/>\n                    <\/div>\n                    <p class=\"plabs_service_cta_title\">Asesor\u00eda\n                        <br>\n                        Gratuita\n                    <\/p>\n                <\/div>\n            <\/div>\n        <\/div>\n\n        <div class=\"plabs_service_footer\">\n            <a id=\"GPRS\" class=\"botoncontacto\" href=\"http:\/\/wa.me\/\/573155566257\" target=\"_blank\" rel=\"noopener\">\n                Cont\u00e1ctanos para una soluci\u00f3n a tu medida\n            <\/a>\n        <\/div>\n    <\/div>\n<\/main>\n","protected":false},"excerpt":{"rendered":"<p>GPRS Comunicadores Universales para Sistemas de Alarmas 4G e IP Soluciones de comunicaci\u00f3n seguras y confiables para convertir sistemas de alarma convencionales a transmisi\u00f3n digital con servicios adicionales. DESCRIPCI\u00d3N Los comunicadores universales para sistemas de alarma de Solutec, garantizan una comunicaci\u00f3n r\u00e1pida, estable y segura a trav\u00e9s de la red de telefon\u00eda m\u00f3vil. Adem\u00e1s, hacen [&hellip;]<\/p>\n","protected":false},"author":1,"featured_media":0,"parent":0,"menu_order":0,"comment_status":"closed","ping_status":"closed","template":"","meta":{"footnotes":""},"class_list":["post-105","page","type-page","status-publish","hentry"],"yoast_head":"<!-- This site is optimized with the Yoast SEO plugin v26.7 - https:\/\/yoast.com\/wordpress\/plugins\/seo\/ -->\n<title>GPRS Comunicadores Universales - Sistemas de\u00a0Alarmas\u00a04G\u00a0e\u00a0IP - rediseg.com<\/title>\n<meta name=\"robots\" content=\"index, follow, max-snippet:-1, max-image-preview:large, max-video-preview:-1\" \/>\n<link rel=\"canonical\" href=\"https:\/\/rediseg.com\/index.php\/comunicadores-universales-sistemas-de-alarmas-4g-e-ip\/\" \/>\n<meta property=\"og:locale\" content=\"es_ES\" \/>\n<meta property=\"og:type\" content=\"article\" \/>\n<meta property=\"og:title\" content=\"GPRS Comunicadores Universales - Sistemas de\u00a0Alarmas\u00a04G\u00a0e\u00a0IP - rediseg.com\" \/>\n<meta property=\"og:description\" content=\"GPRS Comunicadores Universales para Sistemas de Alarmas 4G e IP Soluciones de comunicaci\u00f3n seguras y confiables para convertir sistemas de alarma convencionales a transmisi\u00f3n digital con servicios adicionales. DESCRIPCI\u00d3N Los comunicadores universales para sistemas de alarma de Solutec, garantizan una comunicaci\u00f3n r\u00e1pida, estable y segura a trav\u00e9s de la red de telefon\u00eda m\u00f3vil. Adem\u00e1s, hacen [&hellip;]\" \/>\n<meta property=\"og:url\" content=\"https:\/\/rediseg.com\/index.php\/comunicadores-universales-sistemas-de-alarmas-4g-e-ip\/\" \/>\n<meta property=\"og:site_name\" content=\"rediseg.com\" \/>\n<meta property=\"article:modified_time\" content=\"2026-02-16T16:26:01+00:00\" \/>\n<meta name=\"twitter:card\" content=\"summary_large_image\" \/>\n<meta name=\"twitter:label1\" content=\"Tiempo de lectura\" \/>\n\t<meta name=\"twitter:data1\" content=\"5 minutos\" \/>\n<script type=\"application\/ld+json\" class=\"yoast-schema-graph\">{\"@context\":\"https:\/\/schema.org\",\"@graph\":[{\"@type\":\"WebPage\",\"@id\":\"https:\/\/rediseg.com\/index.php\/comunicadores-universales-sistemas-de-alarmas-4g-e-ip\/\",\"url\":\"https:\/\/rediseg.com\/index.php\/comunicadores-universales-sistemas-de-alarmas-4g-e-ip\/\",\"name\":\"GPRS Comunicadores Universales - Sistemas de\u00a0Alarmas\u00a04G\u00a0e\u00a0IP - rediseg.com\",\"isPartOf\":{\"@id\":\"https:\/\/rediseg.com\/#website\"},\"datePublished\":\"2025-09-12T19:58:29+00:00\",\"dateModified\":\"2026-02-16T16:26:01+00:00\",\"breadcrumb\":{\"@id\":\"https:\/\/rediseg.com\/index.php\/comunicadores-universales-sistemas-de-alarmas-4g-e-ip\/#breadcrumb\"},\"inLanguage\":\"es-CO\",\"potentialAction\":[{\"@type\":\"ReadAction\",\"target\":[\"https:\/\/rediseg.com\/index.php\/comunicadores-universales-sistemas-de-alarmas-4g-e-ip\/\"]}]},{\"@type\":\"BreadcrumbList\",\"@id\":\"https:\/\/rediseg.com\/index.php\/comunicadores-universales-sistemas-de-alarmas-4g-e-ip\/#breadcrumb\",\"itemListElement\":[{\"@type\":\"ListItem\",\"position\":1,\"name\":\"Inicio\",\"item\":\"https:\/\/rediseg.com\/\"},{\"@type\":\"ListItem\",\"position\":2,\"name\":\"GPRS Comunicadores Universales &#8211; Sistemas de\u00a0Alarmas\u00a04G\u00a0e\u00a0IP\"}]},{\"@type\":\"WebSite\",\"@id\":\"https:\/\/rediseg.com\/#website\",\"url\":\"https:\/\/rediseg.com\/\",\"name\":\"rediseg.com\",\"description\":\"\",\"publisher\":{\"@id\":\"https:\/\/rediseg.com\/#organization\"},\"potentialAction\":[{\"@type\":\"SearchAction\",\"target\":{\"@type\":\"EntryPoint\",\"urlTemplate\":\"https:\/\/rediseg.com\/?s={search_term_string}\"},\"query-input\":{\"@type\":\"PropertyValueSpecification\",\"valueRequired\":true,\"valueName\":\"search_term_string\"}}],\"inLanguage\":\"es-CO\"},{\"@type\":\"Organization\",\"@id\":\"https:\/\/rediseg.com\/#organization\",\"name\":\"rediseg.com\",\"url\":\"https:\/\/rediseg.com\/\",\"logo\":{\"@type\":\"ImageObject\",\"inLanguage\":\"es-CO\",\"@id\":\"https:\/\/rediseg.com\/#\/schema\/logo\/image\/\",\"url\":\"https:\/\/rediseg.com\/wp-content\/uploads\/2025\/09\/logo-rediseg.png\",\"contentUrl\":\"https:\/\/rediseg.com\/wp-content\/uploads\/2025\/09\/logo-rediseg.png\",\"width\":144,\"height\":22,\"caption\":\"rediseg.com\"},\"image\":{\"@id\":\"https:\/\/rediseg.com\/#\/schema\/logo\/image\/\"}}]}<\/script>\n<!-- \/ Yoast SEO plugin. -->","yoast_head_json":{"title":"GPRS Comunicadores Universales - Sistemas de\u00a0Alarmas\u00a04G\u00a0e\u00a0IP - rediseg.com","robots":{"index":"index","follow":"follow","max-snippet":"max-snippet:-1","max-image-preview":"max-image-preview:large","max-video-preview":"max-video-preview:-1"},"canonical":"https:\/\/rediseg.com\/index.php\/comunicadores-universales-sistemas-de-alarmas-4g-e-ip\/","og_locale":"es_ES","og_type":"article","og_title":"GPRS Comunicadores Universales - Sistemas de\u00a0Alarmas\u00a04G\u00a0e\u00a0IP - rediseg.com","og_description":"GPRS Comunicadores Universales para Sistemas de Alarmas 4G e IP Soluciones de comunicaci\u00f3n seguras y confiables para convertir sistemas de alarma convencionales a transmisi\u00f3n digital con servicios adicionales. DESCRIPCI\u00d3N Los comunicadores universales para sistemas de alarma de Solutec, garantizan una comunicaci\u00f3n r\u00e1pida, estable y segura a trav\u00e9s de la red de telefon\u00eda m\u00f3vil. Adem\u00e1s, hacen [&hellip;]","og_url":"https:\/\/rediseg.com\/index.php\/comunicadores-universales-sistemas-de-alarmas-4g-e-ip\/","og_site_name":"rediseg.com","article_modified_time":"2026-02-16T16:26:01+00:00","twitter_card":"summary_large_image","twitter_misc":{"Tiempo de lectura":"5 minutos"},"schema":{"@context":"https:\/\/schema.org","@graph":[{"@type":"WebPage","@id":"https:\/\/rediseg.com\/index.php\/comunicadores-universales-sistemas-de-alarmas-4g-e-ip\/","url":"https:\/\/rediseg.com\/index.php\/comunicadores-universales-sistemas-de-alarmas-4g-e-ip\/","name":"GPRS Comunicadores Universales - Sistemas de\u00a0Alarmas\u00a04G\u00a0e\u00a0IP - rediseg.com","isPartOf":{"@id":"https:\/\/rediseg.com\/#website"},"datePublished":"2025-09-12T19:58:29+00:00","dateModified":"2026-02-16T16:26:01+00:00","breadcrumb":{"@id":"https:\/\/rediseg.com\/index.php\/comunicadores-universales-sistemas-de-alarmas-4g-e-ip\/#breadcrumb"},"inLanguage":"es-CO","potentialAction":[{"@type":"ReadAction","target":["https:\/\/rediseg.com\/index.php\/comunicadores-universales-sistemas-de-alarmas-4g-e-ip\/"]}]},{"@type":"BreadcrumbList","@id":"https:\/\/rediseg.com\/index.php\/comunicadores-universales-sistemas-de-alarmas-4g-e-ip\/#breadcrumb","itemListElement":[{"@type":"ListItem","position":1,"name":"Inicio","item":"https:\/\/rediseg.com\/"},{"@type":"ListItem","position":2,"name":"GPRS Comunicadores Universales &#8211; Sistemas de\u00a0Alarmas\u00a04G\u00a0e\u00a0IP"}]},{"@type":"WebSite","@id":"https:\/\/rediseg.com\/#website","url":"https:\/\/rediseg.com\/","name":"rediseg.com","description":"","publisher":{"@id":"https:\/\/rediseg.com\/#organization"},"potentialAction":[{"@type":"SearchAction","target":{"@type":"EntryPoint","urlTemplate":"https:\/\/rediseg.com\/?s={search_term_string}"},"query-input":{"@type":"PropertyValueSpecification","valueRequired":true,"valueName":"search_term_string"}}],"inLanguage":"es-CO"},{"@type":"Organization","@id":"https:\/\/rediseg.com\/#organization","name":"rediseg.com","url":"https:\/\/rediseg.com\/","logo":{"@type":"ImageObject","inLanguage":"es-CO","@id":"https:\/\/rediseg.com\/#\/schema\/logo\/image\/","url":"https:\/\/rediseg.com\/wp-content\/uploads\/2025\/09\/logo-rediseg.png","contentUrl":"https:\/\/rediseg.com\/wp-content\/uploads\/2025\/09\/logo-rediseg.png","width":144,"height":22,"caption":"rediseg.com"},"image":{"@id":"https:\/\/rediseg.com\/#\/schema\/logo\/image\/"}}]}},"_links":{"self":[{"href":"https:\/\/rediseg.com\/index.php\/wp-json\/wp\/v2\/pages\/105","targetHints":{"allow":["GET"]}}],"collection":[{"href":"https:\/\/rediseg.com\/index.php\/wp-json\/wp\/v2\/pages"}],"about":[{"href":"https:\/\/rediseg.com\/index.php\/wp-json\/wp\/v2\/types\/page"}],"author":[{"embeddable":true,"href":"https:\/\/rediseg.com\/index.php\/wp-json\/wp\/v2\/users\/1"}],"replies":[{"embeddable":true,"href":"https:\/\/rediseg.com\/index.php\/wp-json\/wp\/v2\/comments?post=105"}],"version-history":[{"count":4,"href":"https:\/\/rediseg.com\/index.php\/wp-json\/wp\/v2\/pages\/105\/revisions"}],"predecessor-version":[{"id":648,"href":"https:\/\/rediseg.com\/index.php\/wp-json\/wp\/v2\/pages\/105\/revisions\/648"}],"wp:attachment":[{"href":"https:\/\/rediseg.com\/index.php\/wp-json\/wp\/v2\/media?parent=105"}],"curies":[{"name":"wp","href":"https:\/\/api.w.org\/{rel}","templated":true}]}}