{"id":11,"date":"2025-09-12T17:08:58","date_gmt":"2025-09-12T17:08:58","guid":{"rendered":"https:\/\/rediseg.com\/?page_id=11"},"modified":"2026-02-16T16:33:51","modified_gmt":"2026-02-16T16:33:51","slug":"inicio","status":"publish","type":"page","link":"https:\/\/rediseg.com\/","title":{"rendered":"Inicio"},"content":{"rendered":"\n        <div class=\"carousel-container\">\n            <div class=\"carousel-wrapper\">\n                <div class=\"carousel-track\" id=\"carouselTrack\">\n                    \n            <div class=\"carousel-slide active\">\n                <img decoding=\"async\" src=\"https:\/\/rediseg.com\/wp-content\/uploads\/2025\/09\/Slider1-optimized-1.png\" alt=\"CCTV\">\n                <div class=\"slide-content\">\n                    <h3>CCTV<\/h3>\n                    <p>Transforme la seguridad de sus intereses.<br \/>(Circuito cerrado de televisi\u00f3n)<\/p>\n                    <button onclick=\"window.location.href='https:\/\/rediseg.com\/index.php\/cctv-vigilancia-inteligente-24-7\/'\" type=\"button\" class=\"carousel-button\">\n                        Ver servicio\n                    <\/button>\n                <\/div>\n            <\/div>\n        \n            <div class=\"carousel-slide \">\n                <img decoding=\"async\" src=\"https:\/\/rediseg.com\/wp-content\/uploads\/2025\/09\/Slider3.png\" alt=\"CONTROL DE ACCESO\">\n                <div class=\"slide-content\">\n                    <h3>CONTROL DE ACCESO<\/h3>\n                    <p>Tecnolog\u00eda de punta para entrada y salida de<br \/>personas.<\/p>\n                    <button onclick=\"window.location.href='https:\/\/rediseg.com\/index.php\/control-de-visitantes-acceso-seguro\/'\" type=\"button\" class=\"carousel-button\">\n                        Ver servicio\n                    <\/button>\n                <\/div>\n            <\/div>\n        \n            <div class=\"carousel-slide \">\n                <img decoding=\"async\" src=\"https:\/\/rediseg.com\/wp-content\/uploads\/2025\/09\/Slider2.png\" alt=\"ALARMA DE INTRUSI\u00d3N\">\n                <div class=\"slide-content\">\n                    <h3>ALARMA DE INTRUSI\u00d3N<\/h3>\n                    <p>Reacci\u00f3n al momento ante<br \/>cualquier\u00a0evento.<\/p>\n                    <button onclick=\"window.location.href='https:\/\/rediseg.com\/index.php\/alarmas-proteccion-inmediata\/'\" type=\"button\" class=\"carousel-button\">\n                        Ver servicio\n                    <\/button>\n                <\/div>\n            <\/div>\n        \n            <div class=\"carousel-slide \">\n                <img decoding=\"async\" src=\"https:\/\/rediseg.com\/wp-content\/uploads\/2025\/09\/tech-repara-la-placa-base-en-el-centro-de-servicio-optimizado.png\" alt=\"\u00c1REA DE INVESTIGACI\u00d3N\">\n                <div class=\"slide-content\">\n                    <h3>\u00c1REA DE INVESTIGACI\u00d3N<\/h3>\n                    <p>Est\u00e1 equipada con tecnolog\u00eda de punta,<br \/>desarrollamos proyectos de alta\u00a0complejidad.<\/p>\n                    <button onclick=\"window.location.href='https:\/\/rediseg.com\/index.php\/investigacion-y-desarrollo\/'\" type=\"button\" class=\"carousel-button\">\n                        Ver servicio\n                    <\/button>\n                <\/div>\n            <\/div>\n        \n            <div class=\"carousel-slide \">\n                <img decoding=\"async\" src=\"https:\/\/rediseg.com\/wp-content\/uploads\/2025\/09\/slider5-1-1-scaled.png\" alt=\"GPRS\">\n                <div class=\"slide-content\">\n                    <h3>GPRS<\/h3>\n                    <p>Garantiza una comunicaci\u00f3n r\u00e1pida, estable y<br \/>y segura a trav\u00e9s de la red de telefon\u00eda\u00a0m\u00f3vil.<\/p>\n                    <button onclick=\"window.location.href='https:\/\/rediseg.com\/index.php\/comunicadores-universales-sistemas-de-alarmas-4g-e-ip\/'\" type=\"button\" class=\"carousel-button\">\n                        Ver servicio\n                    <\/button>\n                <\/div>\n            <\/div>\n        \n                <\/div>\n\n                <button class=\"carousel-nav prev\" id=\"prevBtn\">\n                    <svg viewBox=\"0 0 24 24\" fill=\"none\" stroke=\"currentColor\" stroke-width=\"2\">\n                        <polyline points=\"15,18 9,12 15,6\"><\/polyline>\n                    <\/svg>\n                <\/button>\n\n                <button class=\"carousel-nav next\" id=\"nextBtn\">\n                    <svg viewBox=\"0 0 24 24\" fill=\"none\" stroke=\"currentColor\" stroke-width=\"2\">\n                        <polyline points=\"9,18 15,12 9,6\"><\/polyline>\n                    <\/svg>\n                <\/button>\n            <\/div>\n\n            <div class=\"carousel-dots\" id=\"carouselDots\">\n                <div class=\"dot active\" data-slide=\"0\"><\/div><div class=\"dot \" data-slide=\"1\"><\/div><div class=\"dot \" data-slide=\"2\"><\/div><div class=\"dot \" data-slide=\"3\"><\/div><div class=\"dot \" data-slide=\"4\"><\/div>\n            <\/div>\n        <\/div>    \n    \n\n\n\n<section class=\"plabs_section\">\n    <h3 class=\"plabs_title\">NUESTRAS SOLUCIONES <br class=\"pc_hidden\"> EN SEGURIDAD<\/h3>\n    <p class=\"plabs_subtitle\">Somos especialistas en dise\u00f1o e implementaci\u00f3n de sistemas de seguridad electr\u00f3nica<\/p>\n\n    <br>\n\n    <div class=\"plabs_services_grid\">\n        <div class=\"plabs_card_service\">\n            <img decoding=\"async\" width=\"100%\"\n                src=\"\/wp-content\/uploads\/2025\/09\/camaras-de-vigilancia-dentro-de-la-casa-fondo-de-estilo-bokeh.png\">\n            <div>\n                <h2>CCTV<\/h2>\n                <p>Sistemas de f\u00e1cil personalizaci\u00f3n adaptables a sus necesidades de seguridad.<\/p>\n                <div class=\"plabs_arrow_link\">\n                    <img decoding=\"async\" src=\"\/wp-content\/uploads\/2025\/09\/arrow_link.png\">\n                <\/div>\n            <\/div>\n            <a id=\"cctv-dmas\" class=\"botondescubre\" href=\"https:\/\/rediseg.com\/index.php\/cctv-vigilancia-inteligente-24-7\/\">Descubre m\u00e1s<\/a>\n        <\/div>\n\n        <div class=\"plabs_card_service\">\n            <img decoding=\"async\" width=\"100%\"\n                src=\"\/wp-content\/uploads\/2025\/09\/el-dedo-del-hombre-sobre-el-escaneo-de-huellas-digitales-para-ingresar-al-sistema-de-seguridad-optimized.png\">\n            <div>\n                <h2>CONTROL DE ACCESO<\/h2>\n                <p>Sistemas electr\u00f3nicos de seguridad que restringen o permiten el tr\u00e1nsito de usuarios a \u00e1reas\n                    espec\u00edficas y\n                    validando su identificaci\u00f3n.<\/p>\n                <div class=\"plabs_arrow_link\">\n                    <img decoding=\"async\" src=\"\/wp-content\/uploads\/2025\/09\/arrow_link.png\">\n                <\/div>\n            <\/div>\n            <a id=\"Caccesos-dmas\" class=\"botondescubre\" href=\"https:\/\/rediseg.com\/index.php\/control-de-accesos-gestion-inteligente\/\">Descubre m\u00e1s<\/a>\n        <\/div>\n\n        <div class=\"plabs_card_service\">\n            <img decoding=\"async\" width=\"100%\"\n                src=\"\/wp-content\/uploads\/2025\/09\/vista-lateral-de-una-hermosa-joven-concentrada-en-pegar-la-tableta-la-pared.png\">\n            <div>\n                <h2>ALARMAS<\/h2>\n                <p>Sistemas electr\u00f3nicos de seguridad, instalados en puntos neur\u00e1lgicos de su hogar o empresa.<\/p>\n                <div class=\"plabs_arrow_link\">\n                    <img decoding=\"async\" src=\"\/wp-content\/uploads\/2025\/09\/arrow_link.png\">\n                <\/div>\n            <\/div>\n            <a id=\"alarmas-dmas\" class=\"botondescubre\" href=\"https:\/\/rediseg.com\/index.php\/alarmas-proteccion-inmediata\/\">Descubre m\u00e1s<\/a>\n        <\/div>\n\n        <div class=\"plabs_card_service\">\n            <img decoding=\"async\" width=\"100%\" src=\"\/wp-content\/uploads\/2025\/09\/security-random-camera.png\">\n            <div>\n                <h2>RENTA DE EQUIPOS DE SEGURIDAD<\/h2>\n                <p>Mantenga su esquema de seguridad actualizado sin incurrir en\u00a0grandes\u00a0gastos.<\/p>\n                <div class=\"plabs_arrow_link\">\n                    <img decoding=\"async\" src=\"\/wp-content\/uploads\/2025\/09\/arrow_link.png\">\n                <\/div>\n            <\/div>\n            <a id=\"renta-dmas\" class=\"botondescubre\" href=\"https:\/\/rediseg.com\/index.php\/renta-de-equipos-seguridad-flexible\/\">Descubre m\u00e1s<\/a>\n        <\/div>\n    <\/div>\n\n\n    <div class=\"plabs_textcenter\">\n        <a id=\"Habla\" class=\"botoncontacto\" href=\"http:\/\/wa.me\/\/573184853352\" target=\"_blank\" rel=\"noopener\" class=\"button-gradient\">Habla con nuestros\n            expertos<\/a>\n    <\/div>\n<\/section>\n\n\n<section class=\"plabs_bgsection\" data-bg=\"\/wp-content\/uploads\/2025\/09\/investigacion.png\">\n    <h3>M\u00c1S SERVICIOS A SU MEDIDA<\/h3>\n    <h2>\u00c1REA DE INVESTIGACI\u00d3N <br class=\"pc_hidden\"> Y DESARROLLO<\/h2>\n\n    <p>Para necesidades espec\u00edficas de seguridad, creamos soluciones customizadas, implementamos nuevas tecnolog\u00edas y\n        desarrollamos productos y metodolog\u00edas que den respuesta efectiva.<\/p>\n\n    <a id=\"funciona\" class=\"botonfunciona\" href=\"https:\/\/rediseg.com\/index.php\/investigacion-y-desarrollo\/\">\n        Conoce c\u00f3mo funciona\n    <\/a>\n<\/section>\n\n<section class=\"plabs_section plabs_quote\">\n    <div>\n        <h1>\u00bfPOR QU\u00c9 SOMOS LA RESPUESTA EN SEGURIDAD PARA SUS PROYECTOS?<\/h1>\n\n        <img decoding=\"async\" class=\"quote\" src=\"\/wp-content\/uploads\/2025\/09\/quotes.png\">\n        <p>Somos aliados estrat\u00e9gicos de nuestros clientes, creemos que el acompa\u00f1amiento y el entendimiento de sus\n            negocios y sus necesidades de seguridad son la clave para generar relaciones a largo plazo donde ellos y\n            nosotros persigamos el mismo objetivo: El bienestar de\u00a0su\u00a0compa\u00f1\u00eda.<\/p>\n\n        <h4>EQUIPO COMERCIAL DE REDISEG<\/h4>\n    <\/div>\n\n    <br>\n\n    <div>\n        <h2>CONTAMOS CON EL <br class=\"pc_hidden\" \/> RESPALDO DE NUESTROS ALIADOS<\/h2>\n        <div class=\"marquee-container\">\n            <div class=\"marquee-track left-to-right\">\n                <img decoding=\"async\" width=\"100px\" src=\"https:\/\/rediseg.com\/wp-content\/uploads\/2025\/09\/AGM2.png\" \/>\n                <img decoding=\"async\" width=\"100px\" src=\"https:\/\/rediseg.com\/wp-content\/uploads\/2025\/09\/HIKVISION2.png\" \/>\n                <img decoding=\"async\" width=\"100px\" src=\"https:\/\/rediseg.com\/wp-content\/uploads\/2025\/09\/SYSCOM2.png\" \/>\n                <img decoding=\"async\" width=\"100px\" src=\"https:\/\/rediseg.com\/wp-content\/uploads\/2025\/09\/nuuo.png\" \/>\n                <img decoding=\"async\" width=\"100px\" src=\"https:\/\/rediseg.com\/wp-content\/uploads\/2025\/09\/INDC2.png\" \/>\n                <img decoding=\"async\" width=\"100px\" src=\"https:\/\/rediseg.com\/wp-content\/uploads\/2025\/09\/KANTECHH.png\" \/>\n                <img decoding=\"async\" width=\"100px\" src=\"https:\/\/rediseg.com\/wp-content\/uploads\/2025\/09\/VIVOTEK.png\" \/>\n\n                <img decoding=\"async\" width=\"100px\" src=\"https:\/\/rediseg.com\/wp-content\/uploads\/2025\/09\/AGM2.png\" \/>\n                <img decoding=\"async\" width=\"100px\" src=\"https:\/\/rediseg.com\/wp-content\/uploads\/2025\/09\/HIKVISION2.png\" \/>\n                <img decoding=\"async\" width=\"100px\" src=\"https:\/\/rediseg.com\/wp-content\/uploads\/2025\/09\/SYSCOM2.png\" \/>\n                <img decoding=\"async\" width=\"100px\" src=\"https:\/\/rediseg.com\/wp-content\/uploads\/2025\/09\/nuuo.png\" \/>\n                <img decoding=\"async\" width=\"100px\" src=\"https:\/\/rediseg.com\/wp-content\/uploads\/2025\/09\/INDC2.png\" \/>\n                <img decoding=\"async\" width=\"100px\" src=\"https:\/\/rediseg.com\/wp-content\/uploads\/2025\/09\/KANTECHH.png\" \/>\n                <img decoding=\"async\" width=\"100px\" src=\"https:\/\/rediseg.com\/wp-content\/uploads\/2025\/09\/VIVOTEK.png\" \/>\n            <\/div>\n        <\/div>\n        <br>\n\n        <h2>EMPRESAS QUE YA PROTEGEN <br class=\"pc_hidden\" \/> SUS NEGOCIOS CON NOSOTROS<\/h2>\n        <div class=\"marquee-container\">\n            <div class=\"marquee-track right-to-left\">\n                <img decoding=\"async\" width=\"100px\" title=\"BRINKS\" src=\"https:\/\/rediseg.com\/wp-content\/uploads\/2025\/09\/brinks.png\" \/>\n                <img decoding=\"async\" width=\"100px\" title=\"SERVISION\" src=\"https:\/\/rediseg.com\/wp-content\/uploads\/2025\/09\/SERVISION2.png\" \/>\n                <img decoding=\"async\" width=\"100px\" src=\"https:\/\/rediseg.com\/wp-content\/uploads\/2025\/09\/ESTATAL_SERVICIOS.png\" \/>\n                <img decoding=\"async\" width=\"100px\" src=\"https:\/\/rediseg.com\/wp-content\/uploads\/2025\/09\/AMS.png\" \/>\n                <img decoding=\"async\" width=\"100px\" src=\"https:\/\/rediseg.com\/wp-content\/uploads\/2025\/09\/KPMG-1.png\" \/>\n                <img decoding=\"async\" width=\"100px\" src=\"https:\/\/rediseg.com\/wp-content\/uploads\/2025\/09\/ITAU.png\" \/>\n                <img decoding=\"async\" width=\"100px\" src=\"https:\/\/rediseg.com\/wp-content\/uploads\/2025\/09\/pc.png\" \/>\n                <img decoding=\"async\" width=\"100px\" src=\"https:\/\/rediseg.com\/wp-content\/uploads\/2025\/09\/CARIMAR_2.png\" \/>\n                <img decoding=\"async\" width=\"100px\" src=\"https:\/\/rediseg.com\/wp-content\/uploads\/2025\/09\/DOMESA-scaled.png\" \/>\n                <img decoding=\"async\" width=\"100px\" src=\"https:\/\/rediseg.com\/wp-content\/uploads\/2025\/09\/BLUSH_BAR_2.png\" \/>\n                <img decoding=\"async\" width=\"100px\" src=\"https:\/\/rediseg.com\/wp-content\/uploads\/2025\/09\/epago.png\" \/>\n\n                <img decoding=\"async\" width=\"100px\" src=\"https:\/\/rediseg.com\/wp-content\/uploads\/2025\/09\/brinks.png\" \/>\n                <img decoding=\"async\" width=\"100px\" src=\"https:\/\/rediseg.com\/wp-content\/uploads\/2025\/09\/SERVISION2.png\" \/>\n                <img decoding=\"async\" width=\"100px\" src=\"https:\/\/rediseg.com\/wp-content\/uploads\/2025\/09\/ESTATAL_SERVICIOS.png\" \/>\n                <img decoding=\"async\" width=\"100px\" src=\"https:\/\/rediseg.com\/wp-content\/uploads\/2025\/09\/AMS.png\" \/>\n                <img decoding=\"async\" width=\"100px\" src=\"https:\/\/rediseg.com\/wp-content\/uploads\/2025\/09\/KPMG-1.png\" \/>\n                <img decoding=\"async\" width=\"100px\" src=\"https:\/\/rediseg.com\/wp-content\/uploads\/2025\/09\/ITAU.png\" \/>\n                <img decoding=\"async\" width=\"100px\" src=\"https:\/\/rediseg.com\/wp-content\/uploads\/2025\/09\/pc.png\" \/>\n                <img decoding=\"async\" width=\"100px\" src=\"https:\/\/rediseg.com\/wp-content\/uploads\/2025\/09\/CARIMAR_2.png\" \/>\n                <img decoding=\"async\" width=\"100px\" src=\"https:\/\/rediseg.com\/wp-content\/uploads\/2025\/09\/DOMESA-scaled.png\" \/>\n                <img decoding=\"async\" width=\"100px\" src=\"https:\/\/rediseg.com\/wp-content\/uploads\/2025\/09\/BLUSH_BAR_2.png\" \/>\n                <img decoding=\"async\" width=\"100px\" src=\"https:\/\/rediseg.com\/wp-content\/uploads\/2025\/09\/epago.png\" \/>\n            <\/div>\n        <\/div>\n        <br>\n        <br>\n\n\n        <div class=\"plabs_textcenter\">\n            <a id=\"inicio\" class=\"botoncontacto\" href=\"http:\/\/wa.me\/\/573184853352\" target=\"_blank\" rel=\"noopener\" class=\"button-gradient\">\n                Solicita una asesor\u00eda gratuita\n            <\/a>\n        <\/div>\n        <br>\n    <\/div>\n\n<\/section>\n","protected":false},"excerpt":{"rendered":"<p>NUESTRAS SOLUCIONES EN SEGURIDAD Somos especialistas en dise\u00f1o e implementaci\u00f3n de sistemas de seguridad electr\u00f3nica CCTV Sistemas de f\u00e1cil personalizaci\u00f3n adaptables a sus necesidades de seguridad. Descubre m\u00e1s CONTROL DE ACCESO Sistemas electr\u00f3nicos de seguridad que restringen o permiten el tr\u00e1nsito de usuarios a \u00e1reas espec\u00edficas y validando su identificaci\u00f3n. Descubre m\u00e1s ALARMAS Sistemas electr\u00f3nicos [&hellip;]<\/p>\n","protected":false},"author":1,"featured_media":0,"parent":0,"menu_order":0,"comment_status":"closed","ping_status":"closed","template":"","meta":{"footnotes":""},"class_list":["post-11","page","type-page","status-publish","hentry"],"yoast_head":"<!-- This site is optimized with the Yoast SEO plugin v26.7 - https:\/\/yoast.com\/wordpress\/plugins\/seo\/ -->\n<title>Inicio - rediseg.com<\/title>\n<meta name=\"robots\" content=\"index, follow, max-snippet:-1, max-image-preview:large, max-video-preview:-1\" \/>\n<link rel=\"canonical\" href=\"https:\/\/rediseg.com\/\" \/>\n<meta property=\"og:locale\" content=\"es_ES\" \/>\n<meta property=\"og:type\" content=\"article\" \/>\n<meta property=\"og:title\" content=\"Inicio - rediseg.com\" \/>\n<meta property=\"og:description\" content=\"NUESTRAS SOLUCIONES EN SEGURIDAD Somos especialistas en dise\u00f1o e implementaci\u00f3n de sistemas de seguridad electr\u00f3nica CCTV Sistemas de f\u00e1cil personalizaci\u00f3n adaptables a sus necesidades de seguridad. Descubre m\u00e1s CONTROL DE ACCESO Sistemas electr\u00f3nicos de seguridad que restringen o permiten el tr\u00e1nsito de usuarios a \u00e1reas espec\u00edficas y validando su identificaci\u00f3n. Descubre m\u00e1s ALARMAS Sistemas electr\u00f3nicos [&hellip;]\" \/>\n<meta property=\"og:url\" content=\"https:\/\/rediseg.com\/\" \/>\n<meta property=\"og:site_name\" content=\"rediseg.com\" \/>\n<meta property=\"article:modified_time\" content=\"2026-02-16T16:33:51+00:00\" \/>\n<meta property=\"og:image\" content=\"https:\/\/rediseg.com\/wp-content\/uploads\/2025\/09\/AGM2.png\" \/>\n<meta name=\"twitter:card\" content=\"summary_large_image\" \/>\n<meta name=\"twitter:label1\" content=\"Tiempo de lectura\" \/>\n\t<meta name=\"twitter:data1\" content=\"10 minutos\" \/>\n<script type=\"application\/ld+json\" class=\"yoast-schema-graph\">{\"@context\":\"https:\/\/schema.org\",\"@graph\":[{\"@type\":\"WebPage\",\"@id\":\"https:\/\/rediseg.com\/\",\"url\":\"https:\/\/rediseg.com\/\",\"name\":\"Inicio - rediseg.com\",\"isPartOf\":{\"@id\":\"https:\/\/rediseg.com\/#website\"},\"primaryImageOfPage\":{\"@id\":\"https:\/\/rediseg.com\/#primaryimage\"},\"image\":{\"@id\":\"https:\/\/rediseg.com\/#primaryimage\"},\"thumbnailUrl\":\"https:\/\/rediseg.com\/wp-content\/uploads\/2025\/09\/AGM2.png\",\"datePublished\":\"2025-09-12T17:08:58+00:00\",\"dateModified\":\"2026-02-16T16:33:51+00:00\",\"breadcrumb\":{\"@id\":\"https:\/\/rediseg.com\/#breadcrumb\"},\"inLanguage\":\"es-CO\",\"potentialAction\":[{\"@type\":\"ReadAction\",\"target\":[\"https:\/\/rediseg.com\/\"]}]},{\"@type\":\"ImageObject\",\"inLanguage\":\"es-CO\",\"@id\":\"https:\/\/rediseg.com\/#primaryimage\",\"url\":\"https:\/\/rediseg.com\/wp-content\/uploads\/2025\/09\/AGM2.png\",\"contentUrl\":\"https:\/\/rediseg.com\/wp-content\/uploads\/2025\/09\/AGM2.png\",\"width\":300,\"height\":115},{\"@type\":\"BreadcrumbList\",\"@id\":\"https:\/\/rediseg.com\/#breadcrumb\",\"itemListElement\":[{\"@type\":\"ListItem\",\"position\":1,\"name\":\"Inicio\",\"item\":\"https:\/\/rediseg.com\/\"},{\"@type\":\"ListItem\",\"position\":2,\"name\":\"Inicio\"}]},{\"@type\":\"WebSite\",\"@id\":\"https:\/\/rediseg.com\/#website\",\"url\":\"https:\/\/rediseg.com\/\",\"name\":\"rediseg.com\",\"description\":\"\",\"publisher\":{\"@id\":\"https:\/\/rediseg.com\/#organization\"},\"potentialAction\":[{\"@type\":\"SearchAction\",\"target\":{\"@type\":\"EntryPoint\",\"urlTemplate\":\"https:\/\/rediseg.com\/?s={search_term_string}\"},\"query-input\":{\"@type\":\"PropertyValueSpecification\",\"valueRequired\":true,\"valueName\":\"search_term_string\"}}],\"inLanguage\":\"es-CO\"},{\"@type\":\"Organization\",\"@id\":\"https:\/\/rediseg.com\/#organization\",\"name\":\"rediseg.com\",\"url\":\"https:\/\/rediseg.com\/\",\"logo\":{\"@type\":\"ImageObject\",\"inLanguage\":\"es-CO\",\"@id\":\"https:\/\/rediseg.com\/#\/schema\/logo\/image\/\",\"url\":\"https:\/\/rediseg.com\/wp-content\/uploads\/2025\/09\/logo-rediseg.png\",\"contentUrl\":\"https:\/\/rediseg.com\/wp-content\/uploads\/2025\/09\/logo-rediseg.png\",\"width\":144,\"height\":22,\"caption\":\"rediseg.com\"},\"image\":{\"@id\":\"https:\/\/rediseg.com\/#\/schema\/logo\/image\/\"}}]}<\/script>\n<!-- \/ Yoast SEO plugin. -->","yoast_head_json":{"title":"Inicio - rediseg.com","robots":{"index":"index","follow":"follow","max-snippet":"max-snippet:-1","max-image-preview":"max-image-preview:large","max-video-preview":"max-video-preview:-1"},"canonical":"https:\/\/rediseg.com\/","og_locale":"es_ES","og_type":"article","og_title":"Inicio - rediseg.com","og_description":"NUESTRAS SOLUCIONES EN SEGURIDAD Somos especialistas en dise\u00f1o e implementaci\u00f3n de sistemas de seguridad electr\u00f3nica CCTV Sistemas de f\u00e1cil personalizaci\u00f3n adaptables a sus necesidades de seguridad. Descubre m\u00e1s CONTROL DE ACCESO Sistemas electr\u00f3nicos de seguridad que restringen o permiten el tr\u00e1nsito de usuarios a \u00e1reas espec\u00edficas y validando su identificaci\u00f3n. Descubre m\u00e1s ALARMAS Sistemas electr\u00f3nicos [&hellip;]","og_url":"https:\/\/rediseg.com\/","og_site_name":"rediseg.com","article_modified_time":"2026-02-16T16:33:51+00:00","og_image":[{"url":"https:\/\/rediseg.com\/wp-content\/uploads\/2025\/09\/AGM2.png","type":"","width":"","height":""}],"twitter_card":"summary_large_image","twitter_misc":{"Tiempo de lectura":"10 minutos"},"schema":{"@context":"https:\/\/schema.org","@graph":[{"@type":"WebPage","@id":"https:\/\/rediseg.com\/","url":"https:\/\/rediseg.com\/","name":"Inicio - rediseg.com","isPartOf":{"@id":"https:\/\/rediseg.com\/#website"},"primaryImageOfPage":{"@id":"https:\/\/rediseg.com\/#primaryimage"},"image":{"@id":"https:\/\/rediseg.com\/#primaryimage"},"thumbnailUrl":"https:\/\/rediseg.com\/wp-content\/uploads\/2025\/09\/AGM2.png","datePublished":"2025-09-12T17:08:58+00:00","dateModified":"2026-02-16T16:33:51+00:00","breadcrumb":{"@id":"https:\/\/rediseg.com\/#breadcrumb"},"inLanguage":"es-CO","potentialAction":[{"@type":"ReadAction","target":["https:\/\/rediseg.com\/"]}]},{"@type":"ImageObject","inLanguage":"es-CO","@id":"https:\/\/rediseg.com\/#primaryimage","url":"https:\/\/rediseg.com\/wp-content\/uploads\/2025\/09\/AGM2.png","contentUrl":"https:\/\/rediseg.com\/wp-content\/uploads\/2025\/09\/AGM2.png","width":300,"height":115},{"@type":"BreadcrumbList","@id":"https:\/\/rediseg.com\/#breadcrumb","itemListElement":[{"@type":"ListItem","position":1,"name":"Inicio","item":"https:\/\/rediseg.com\/"},{"@type":"ListItem","position":2,"name":"Inicio"}]},{"@type":"WebSite","@id":"https:\/\/rediseg.com\/#website","url":"https:\/\/rediseg.com\/","name":"rediseg.com","description":"","publisher":{"@id":"https:\/\/rediseg.com\/#organization"},"potentialAction":[{"@type":"SearchAction","target":{"@type":"EntryPoint","urlTemplate":"https:\/\/rediseg.com\/?s={search_term_string}"},"query-input":{"@type":"PropertyValueSpecification","valueRequired":true,"valueName":"search_term_string"}}],"inLanguage":"es-CO"},{"@type":"Organization","@id":"https:\/\/rediseg.com\/#organization","name":"rediseg.com","url":"https:\/\/rediseg.com\/","logo":{"@type":"ImageObject","inLanguage":"es-CO","@id":"https:\/\/rediseg.com\/#\/schema\/logo\/image\/","url":"https:\/\/rediseg.com\/wp-content\/uploads\/2025\/09\/logo-rediseg.png","contentUrl":"https:\/\/rediseg.com\/wp-content\/uploads\/2025\/09\/logo-rediseg.png","width":144,"height":22,"caption":"rediseg.com"},"image":{"@id":"https:\/\/rediseg.com\/#\/schema\/logo\/image\/"}}]}},"_links":{"self":[{"href":"https:\/\/rediseg.com\/index.php\/wp-json\/wp\/v2\/pages\/11","targetHints":{"allow":["GET"]}}],"collection":[{"href":"https:\/\/rediseg.com\/index.php\/wp-json\/wp\/v2\/pages"}],"about":[{"href":"https:\/\/rediseg.com\/index.php\/wp-json\/wp\/v2\/types\/page"}],"author":[{"embeddable":true,"href":"https:\/\/rediseg.com\/index.php\/wp-json\/wp\/v2\/users\/1"}],"replies":[{"embeddable":true,"href":"https:\/\/rediseg.com\/index.php\/wp-json\/wp\/v2\/comments?post=11"}],"version-history":[{"count":4,"href":"https:\/\/rediseg.com\/index.php\/wp-json\/wp\/v2\/pages\/11\/revisions"}],"predecessor-version":[{"id":651,"href":"https:\/\/rediseg.com\/index.php\/wp-json\/wp\/v2\/pages\/11\/revisions\/651"}],"wp:attachment":[{"href":"https:\/\/rediseg.com\/index.php\/wp-json\/wp\/v2\/media?parent=11"}],"curies":[{"name":"wp","href":"https:\/\/api.w.org\/{rel}","templated":true}]}}