{"id":120,"date":"2025-09-12T21:35:27","date_gmt":"2025-09-12T21:35:27","guid":{"rendered":"https:\/\/rediseg.com\/?page_id=120"},"modified":"2025-10-03T17:01:24","modified_gmt":"2025-10-03T17:01:24","slug":"software-de-monitoreo-de-alarmas","status":"publish","type":"page","link":"https:\/\/rediseg.com\/index.php\/software-de-monitoreo-de-alarmas\/","title":{"rendered":"Software de Monitoreo de Alarmas"},"content":{"rendered":"\n<main class=\"plabs_service\">\n    <div class=\"plabs_service_hero\">\n        <div>\n            <img decoding=\"async\" width=\"100%\" src=\"\/wp-content\/uploads\/2025\/09\/software-monitoreo-alarmas.png\" alt=\"\">\n        <\/div>\n        <div class=\"plabs_service_content\">\n\n\n            <h3>Software de Monitoreo de Alarmas<\/h3>\n            <p>Obtenga una vista global de su centro de monitoreo,\n                incremente su rendimiento y sus ventas.<\/p>\n\n\n            <div class=\"plabs_service_acordeon\">\n                <!-- Item 1 -->\n                <div class=\"plabs_service_acordeon_item\">\n                    <div class=\"plabs_service_acordeon_header\">\n                        <div class=\"plabs_service_acordeon_header_content\">\n                            <img decoding=\"async\" width=\"17px\" src=\"\/wp-content\/uploads\/2025\/09\/caracteristicas.png\" alt=\"\">\n                            <h4>DESCRIPCI\u00d3N<\/h4>\n                        <\/div>\n                        <div>\n                            <svg width=\"14\" height=\"8\" viewBox=\"0 0 14 8\" fill=\"none\"\n                                xmlns=\"http:\/\/www.w3.org\/2000\/svg\">\n                                <path fill-rule=\"evenodd\" clip-rule=\"evenodd\"\n                                    d=\"M13.6922 1.44219L7.44219 7.69219C7.32496 7.80955 7.16588 7.87549 7 7.87549C6.83412 7.87549 6.67504 7.80955 6.55781 7.69219L0.307812 1.44219C0.0635991 1.19797 0.0635991 0.802026 0.307812 0.557813C0.552026 0.313599 0.947974 0.313599 1.19219 0.557813L7 6.36641L12.8078 0.557813C13.052 0.313599 13.448 0.313599 13.6922 0.557813C13.9364 0.802026 13.9364 1.19797 13.6922 1.44219Z\"\n                                    fill=\"#122E5C\" \/>\n                            <\/svg>\n                        <\/div>\n                    <\/div>\n                    <div class=\"plabs_service_acordeon_content\">\n                        <p>\n                            Kronos NET es un software integral de monitoreo de alarmas que permite la gesti\u00f3n completa y\n                            automatizada de una central de monitoreo, incluyendo todos los servicios como alarmas,\n                            video-verificaci\u00f3n, CCTV, GPS, incendio y gesti\u00f3n de patrullas desde una \u00fanica aplicaci\u00f3n.\n                            Ofrece la flexibilidad de instalarse on-premise para tener control total de la\n                            infraestructura o en la nube bajo administraci\u00f3n del proveedor.<br>\n\n                            <br> Su principal ventaja es su modelo de licenciamiento &#8220;todo en uno&#8221;, que incluye todas\n                            las actualizaciones y servicios sin costos adicionales, garantizando una relaci\u00f3n\n                            costo-beneficio \u00f3ptima y el mejor retorno de inversi\u00f3n del sector para clientes\n                            residenciales, comerciales e industriales.\n                        <\/p>\n                    <\/div>\n                <\/div>\n                <!-- Item 1 -->\n\n\n                <!-- Item 2-->\n                <div class=\"plabs_service_acordeon_item\">\n                    <div class=\"plabs_service_acordeon_header\">\n                        <div class=\"plabs_service_acordeon_header_content\">\n                            <img decoding=\"async\" width=\"17px\" src=\"\/wp-content\/uploads\/2025\/09\/sectores.png\" alt=\"\">\n                            <h4>ESPECIFICACIONES T\u00c9CNICAS<\/h4>\n                        <\/div>\n                        <div>\n                            <svg width=\"14\" height=\"8\" viewBox=\"0 0 14 8\" fill=\"none\"\n                                xmlns=\"http:\/\/www.w3.org\/2000\/svg\">\n                                <path fill-rule=\"evenodd\" clip-rule=\"evenodd\"\n                                    d=\"M13.6922 1.44219L7.44219 7.69219C7.32496 7.80955 7.16588 7.87549 7 7.87549C6.83412 7.87549 6.67504 7.80955 6.55781 7.69219L0.307812 1.44219C0.0635991 1.19797 0.0635991 0.802026 0.307812 0.557813C0.552026 0.313599 0.947974 0.313599 1.19219 0.557813L7 6.36641L12.8078 0.557813C13.052 0.313599 13.448 0.313599 13.6922 0.557813C13.9364 0.802026 13.9364 1.19797 13.6922 1.44219Z\"\n                                    fill=\"#122E5C\" \/>\n                            <\/svg>\n                        <\/div>\n                    <\/div>\n                    <div class=\"plabs_service_acordeon_content\">\n                        <p>\n                            Software De Monitoreo De Alarma Con Todo Incluido<br>\n\n                            <br>-Monitoreo de alarmas\n                            <br>-Sistemas de localizaci\u00f3n GPS\n                            <br>-Control de rondas en tiempo real\n                            <br>-Video verificaci\u00f3n de alarmas\n                            <br>-Monitoreo de v\u00eddeo\n                            <br>-Control avanzado de pagos y facturaci\u00f3n\n                            <br>-Gesti\u00f3n de servicio t\u00e9cnico\n                            <br>-Acciones autom\u00e1ticas (Operador virtual)\n                            <br>-Incrementa la productividad\n                            <br>-Nuevos servicios y m\u00e1s ventas\n                            <br>-Disminuye costos de operaci\u00f3n\n                            <br>-Optimiza los recursos de la compa\u00f1\u00eda\n                            <br>-Automatizaci\u00f3n y control de procesos\n                            <br>-Operaci\u00f3n continua y confiable\n                            <br>-Instalaci\u00f3n Desktop o nube\n                            <br>-Actualizaciones incluidas\n                        <\/p>\n                    <\/div>\n                <\/div>\n                <!-- Item 2-->\n\n\n                <!-- Item 3-->\n                <div class=\"plabs_service_acordeon_item\">\n                    <div class=\"plabs_service_acordeon_header\">\n                        <div class=\"plabs_service_acordeon_header_content\">\n                            <img decoding=\"async\" width=\"17px\" src=\"\/wp-content\/uploads\/2025\/09\/beneficios.png\" alt=\"\">\n                            <h4>BENEFICIOS<\/h4>\n                        <\/div>\n                        <div>\n                            <svg width=\"14\" height=\"8\" viewBox=\"0 0 14 8\" fill=\"none\"\n                                xmlns=\"http:\/\/www.w3.org\/2000\/svg\">\n                                <path fill-rule=\"evenodd\" clip-rule=\"evenodd\"\n                                    d=\"M13.6922 1.44219L7.44219 7.69219C7.32496 7.80955 7.16588 7.87549 7 7.87549C6.83412 7.87549 6.67504 7.80955 6.55781 7.69219L0.307812 1.44219C0.0635991 1.19797 0.0635991 0.802026 0.307812 0.557813C0.552026 0.313599 0.947974 0.313599 1.19219 0.557813L7 6.36641L12.8078 0.557813C13.052 0.313599 13.448 0.313599 13.6922 0.557813C13.9364 0.802026 13.9364 1.19797 13.6922 1.44219Z\"\n                                    fill=\"#122E5C\" \/>\n                            <\/svg>\n                        <\/div>\n                    <\/div>\n                    <div class=\"plabs_service_acordeon_content\">\n                        <ul style=\"list-style: none;margin:0;padding: 0;\">\n                            <li>\n                                \ud83d\udedc Operaci\u00f3n local y terminales remotas\n                            <\/li>\n                            <li>\n                                \ud83d\udcdd Personalizaci\u00f3n de funciones seg\u00fan sus necesidades\n                            <\/li>\n                            <li>\n                                \u267b\ufe0f Integraci\u00f3n con todas las marcas de alarmas y video\n                            <\/li>\n                            <li>\n                                \u2699\ufe0f Herramientas para operaci\u00f3n f\u00e1cil y procesos autom\u00e1ticos\n                            <\/li>\n                            <li>\n                                \ud83d\udde3\ufe0fSoporta M\u00faltiples lenguajes\n                            <\/li>\n                            <li>\n                                \ud83d\udd01Actualizaci\u00f3n y nuevas versiones incluidas\n                            <\/li>\n                        <\/ul>\n                    <\/div>\n                <\/div>\n                <!-- Item 3-->\n\n\n                <!-- Item 4-->\n                <div class=\"plabs_service_acordeon_item\">\n                    <div class=\"plabs_service_acordeon_header\">\n                        <div class=\"plabs_service_acordeon_header_content\">\n                            <img decoding=\"async\" width=\"17px\" src=\"\/wp-content\/uploads\/2025\/09\/experiencia.png\" alt=\"\">\n                            <h4>GARANT\u00cdA Y SOPORTE<\/h4>\n                        <\/div>\n                        <div>\n                            <svg width=\"14\" height=\"8\" viewBox=\"0 0 14 8\" fill=\"none\"\n                                xmlns=\"http:\/\/www.w3.org\/2000\/svg\">\n                                <path fill-rule=\"evenodd\" clip-rule=\"evenodd\"\n                                    d=\"M13.6922 1.44219L7.44219 7.69219C7.32496 7.80955 7.16588 7.87549 7 7.87549C6.83412 7.87549 6.67504 7.80955 6.55781 7.69219L0.307812 1.44219C0.0635991 1.19797 0.0635991 0.802026 0.307812 0.557813C0.552026 0.313599 0.947974 0.313599 1.19219 0.557813L7 6.36641L12.8078 0.557813C13.052 0.313599 13.448 0.313599 13.6922 0.557813C13.9364 0.802026 13.9364 1.19797 13.6922 1.44219Z\"\n                                    fill=\"#122E5C\" \/>\n                            <\/svg>\n                        <\/div>\n                    <\/div>\n                    <div class=\"plabs_service_acordeon_content\">\n                        <p>\n                            Un software de monitoreo de alarmas debe ser probado. Podr\u00e1 acceder a una demostraci\u00f3n de 30\n                            d\u00edas del sistema. Es ajustada a sus necesidades y con el acompa\u00f1amiento de nuestro equipo de\n                            servicio t\u00e9cnico. As\u00ed podr\u00e1 conocer detalles, identificar las soluciones a sus problemas y\n                            ver el potencial del sistema. La demostraci\u00f3n es gratuita para que pueda probar antes de\n                            invertir.\n                            <br><br>\n                            Kronos NET siempre incluye soporte t\u00e9cnico ilimitado y con atenci\u00f3n de emergencias 24 horas.\n                            As\u00ed que no hay pagos adicionales, p\u00f3lizas o condiciones especiales para recibir atenci\u00f3n\n                            siempre v\u00eda telef\u00f3nica, chat, web o correo electr\u00f3nico.\n                        <\/p>\n                    <\/div>\n                <\/div>\n                <!-- Item 4-->\n\n            <\/div>\n\n        <\/div>\n    <\/div>\n\n    <div style=\"background-color: #FFF;\">\n\n        <div class=\"plabs_service_cta\">\n            <h4>\n                <span class=\"plabs_service_cta_title_v1\">\n                    &#8220;Su seguridad es\n                    <br>\n                    nuestro compromiso&#8221;\n                <\/span>\n                <br>\n                <span class=\"plabs_service_cta_title_v2\">\n                    \u00bfPor qu\u00e9 elegirnos?\n                <\/span>\n            <\/h4>\n            <div class=\"plabs_service_absolute_line\"><\/div>\n            <div class=\"plabs_service_line\">\n                <div class=\"i_d_section_timeline_item\">\n                    <div class=\"plabs_service_icon\">\n                        <img decoding=\"async\" src=\"\/wp-content\/uploads\/2025\/09\/tech-1.png\" \/>\n                    <\/div>\n                    <p class=\"plabs_service_cta_title\">Tecnolog\u00eda de\n                        <br>\n                        \u00faltima generaci\u00f3n\n                    <\/p>\n                <\/div>\n\n                <div class=\"i_d_section_timeline_item\">\n                    <div class=\"plabs_service_icon\">\n                        <img decoding=\"async\" src=\"\/wp-content\/uploads\/2025\/09\/instalation.png\" \/>\n                    <\/div>\n                    <p class=\"plabs_service_cta_title\">Instalaci\u00f3n\n                        <br>\n                        Profesional\n                    <\/p>\n                <\/div>\n\n\n                <div class=\"i_d_section_timeline_item\">\n                    <div class=\"plabs_service_icon\">\n                        <img decoding=\"async\" src=\"\/wp-content\/uploads\/2025\/09\/support.png\" \/>\n                    <\/div>\n                    <p class=\"plabs_service_cta_title\">Soporte 24\/7\n                    <\/p>\n                <\/div>\n\n                <div class=\"i_d_section_timeline_item\">\n                    <div class=\"plabs_service_icon\">\n                        <img decoding=\"async\" src=\"\/wp-content\/uploads\/2025\/09\/solutions.png\" \/>\n                    <\/div>\n                    <p class=\"plabs_service_cta_title\">Soluciones\n                        <br>\n                        Personalizadas\n                    <\/p>\n                <\/div>\n\n                <div class=\"i_d_section_timeline_item\">\n                    <div class=\"plabs_service_icon\">\n                        <img decoding=\"async\" src=\"\/wp-content\/uploads\/2025\/09\/free_attention.png\" \/>\n                    <\/div>\n                    <p class=\"plabs_service_cta_title\">Asesor\u00eda\n                        <br>\n                        Gratuita\n                    <\/p>\n                <\/div>\n            <\/div>\n        <\/div>\n\n        <div class=\"plabs_service_footer\">\n            <a href=\"http:\/\/wa.me\/\/573155566257\" target=\"_blank\" rel=\"noopener\">\n                Cont\u00e1ctanos para una soluci\u00f3n a tu medida\n            <\/a>\n        <\/div>\n    <\/div>\n\n<\/main>\n\n\n\n<p><\/p>\n","protected":false},"excerpt":{"rendered":"<p>Software de Monitoreo de Alarmas Obtenga una vista global de su centro de monitoreo, incremente su rendimiento y sus ventas. DESCRIPCI\u00d3N Kronos NET es un software integral de monitoreo de alarmas que permite la gesti\u00f3n completa y automatizada de una central de monitoreo, incluyendo todos los servicios como alarmas, video-verificaci\u00f3n, CCTV, GPS, incendio y gesti\u00f3n [&hellip;]<\/p>\n","protected":false},"author":1,"featured_media":0,"parent":0,"menu_order":0,"comment_status":"closed","ping_status":"closed","template":"","meta":{"footnotes":""},"class_list":["post-120","page","type-page","status-publish","hentry"],"yoast_head":"<!-- This site is optimized with the Yoast SEO plugin v26.7 - https:\/\/yoast.com\/wordpress\/plugins\/seo\/ -->\n<title>Software de Monitoreo de Alarmas - rediseg.com<\/title>\n<meta name=\"robots\" content=\"index, follow, max-snippet:-1, max-image-preview:large, max-video-preview:-1\" \/>\n<link rel=\"canonical\" href=\"https:\/\/rediseg.com\/index.php\/software-de-monitoreo-de-alarmas\/\" \/>\n<meta property=\"og:locale\" content=\"es_ES\" \/>\n<meta property=\"og:type\" content=\"article\" \/>\n<meta property=\"og:title\" content=\"Software de Monitoreo de Alarmas - rediseg.com\" \/>\n<meta property=\"og:description\" content=\"Software de Monitoreo de Alarmas Obtenga una vista global de su centro de monitoreo, incremente su rendimiento y sus ventas. DESCRIPCI\u00d3N Kronos NET es un software integral de monitoreo de alarmas que permite la gesti\u00f3n completa y automatizada de una central de monitoreo, incluyendo todos los servicios como alarmas, video-verificaci\u00f3n, CCTV, GPS, incendio y gesti\u00f3n [&hellip;]\" \/>\n<meta property=\"og:url\" content=\"https:\/\/rediseg.com\/index.php\/software-de-monitoreo-de-alarmas\/\" \/>\n<meta property=\"og:site_name\" content=\"rediseg.com\" \/>\n<meta property=\"article:modified_time\" content=\"2025-10-03T17:01:24+00:00\" \/>\n<meta name=\"twitter:card\" content=\"summary_large_image\" \/>\n<meta name=\"twitter:label1\" content=\"Tiempo de lectura\" \/>\n\t<meta name=\"twitter:data1\" content=\"2 minutos\" \/>\n<script type=\"application\/ld+json\" class=\"yoast-schema-graph\">{\"@context\":\"https:\/\/schema.org\",\"@graph\":[{\"@type\":\"WebPage\",\"@id\":\"https:\/\/rediseg.com\/index.php\/software-de-monitoreo-de-alarmas\/\",\"url\":\"https:\/\/rediseg.com\/index.php\/software-de-monitoreo-de-alarmas\/\",\"name\":\"Software de Monitoreo de Alarmas - rediseg.com\",\"isPartOf\":{\"@id\":\"https:\/\/rediseg.com\/#website\"},\"datePublished\":\"2025-09-12T21:35:27+00:00\",\"dateModified\":\"2025-10-03T17:01:24+00:00\",\"breadcrumb\":{\"@id\":\"https:\/\/rediseg.com\/index.php\/software-de-monitoreo-de-alarmas\/#breadcrumb\"},\"inLanguage\":\"es-CO\",\"potentialAction\":[{\"@type\":\"ReadAction\",\"target\":[\"https:\/\/rediseg.com\/index.php\/software-de-monitoreo-de-alarmas\/\"]}]},{\"@type\":\"BreadcrumbList\",\"@id\":\"https:\/\/rediseg.com\/index.php\/software-de-monitoreo-de-alarmas\/#breadcrumb\",\"itemListElement\":[{\"@type\":\"ListItem\",\"position\":1,\"name\":\"Inicio\",\"item\":\"https:\/\/rediseg.com\/\"},{\"@type\":\"ListItem\",\"position\":2,\"name\":\"Software de Monitoreo de Alarmas\"}]},{\"@type\":\"WebSite\",\"@id\":\"https:\/\/rediseg.com\/#website\",\"url\":\"https:\/\/rediseg.com\/\",\"name\":\"rediseg.com\",\"description\":\"\",\"publisher\":{\"@id\":\"https:\/\/rediseg.com\/#organization\"},\"potentialAction\":[{\"@type\":\"SearchAction\",\"target\":{\"@type\":\"EntryPoint\",\"urlTemplate\":\"https:\/\/rediseg.com\/?s={search_term_string}\"},\"query-input\":{\"@type\":\"PropertyValueSpecification\",\"valueRequired\":true,\"valueName\":\"search_term_string\"}}],\"inLanguage\":\"es-CO\"},{\"@type\":\"Organization\",\"@id\":\"https:\/\/rediseg.com\/#organization\",\"name\":\"rediseg.com\",\"url\":\"https:\/\/rediseg.com\/\",\"logo\":{\"@type\":\"ImageObject\",\"inLanguage\":\"es-CO\",\"@id\":\"https:\/\/rediseg.com\/#\/schema\/logo\/image\/\",\"url\":\"https:\/\/rediseg.com\/wp-content\/uploads\/2025\/09\/logo-rediseg.png\",\"contentUrl\":\"https:\/\/rediseg.com\/wp-content\/uploads\/2025\/09\/logo-rediseg.png\",\"width\":144,\"height\":22,\"caption\":\"rediseg.com\"},\"image\":{\"@id\":\"https:\/\/rediseg.com\/#\/schema\/logo\/image\/\"}}]}<\/script>\n<!-- \/ Yoast SEO plugin. -->","yoast_head_json":{"title":"Software de Monitoreo de Alarmas - rediseg.com","robots":{"index":"index","follow":"follow","max-snippet":"max-snippet:-1","max-image-preview":"max-image-preview:large","max-video-preview":"max-video-preview:-1"},"canonical":"https:\/\/rediseg.com\/index.php\/software-de-monitoreo-de-alarmas\/","og_locale":"es_ES","og_type":"article","og_title":"Software de Monitoreo de Alarmas - rediseg.com","og_description":"Software de Monitoreo de Alarmas Obtenga una vista global de su centro de monitoreo, incremente su rendimiento y sus ventas. DESCRIPCI\u00d3N Kronos NET es un software integral de monitoreo de alarmas que permite la gesti\u00f3n completa y automatizada de una central de monitoreo, incluyendo todos los servicios como alarmas, video-verificaci\u00f3n, CCTV, GPS, incendio y gesti\u00f3n [&hellip;]","og_url":"https:\/\/rediseg.com\/index.php\/software-de-monitoreo-de-alarmas\/","og_site_name":"rediseg.com","article_modified_time":"2025-10-03T17:01:24+00:00","twitter_card":"summary_large_image","twitter_misc":{"Tiempo de lectura":"2 minutos"},"schema":{"@context":"https:\/\/schema.org","@graph":[{"@type":"WebPage","@id":"https:\/\/rediseg.com\/index.php\/software-de-monitoreo-de-alarmas\/","url":"https:\/\/rediseg.com\/index.php\/software-de-monitoreo-de-alarmas\/","name":"Software de Monitoreo de Alarmas - rediseg.com","isPartOf":{"@id":"https:\/\/rediseg.com\/#website"},"datePublished":"2025-09-12T21:35:27+00:00","dateModified":"2025-10-03T17:01:24+00:00","breadcrumb":{"@id":"https:\/\/rediseg.com\/index.php\/software-de-monitoreo-de-alarmas\/#breadcrumb"},"inLanguage":"es-CO","potentialAction":[{"@type":"ReadAction","target":["https:\/\/rediseg.com\/index.php\/software-de-monitoreo-de-alarmas\/"]}]},{"@type":"BreadcrumbList","@id":"https:\/\/rediseg.com\/index.php\/software-de-monitoreo-de-alarmas\/#breadcrumb","itemListElement":[{"@type":"ListItem","position":1,"name":"Inicio","item":"https:\/\/rediseg.com\/"},{"@type":"ListItem","position":2,"name":"Software de Monitoreo de Alarmas"}]},{"@type":"WebSite","@id":"https:\/\/rediseg.com\/#website","url":"https:\/\/rediseg.com\/","name":"rediseg.com","description":"","publisher":{"@id":"https:\/\/rediseg.com\/#organization"},"potentialAction":[{"@type":"SearchAction","target":{"@type":"EntryPoint","urlTemplate":"https:\/\/rediseg.com\/?s={search_term_string}"},"query-input":{"@type":"PropertyValueSpecification","valueRequired":true,"valueName":"search_term_string"}}],"inLanguage":"es-CO"},{"@type":"Organization","@id":"https:\/\/rediseg.com\/#organization","name":"rediseg.com","url":"https:\/\/rediseg.com\/","logo":{"@type":"ImageObject","inLanguage":"es-CO","@id":"https:\/\/rediseg.com\/#\/schema\/logo\/image\/","url":"https:\/\/rediseg.com\/wp-content\/uploads\/2025\/09\/logo-rediseg.png","contentUrl":"https:\/\/rediseg.com\/wp-content\/uploads\/2025\/09\/logo-rediseg.png","width":144,"height":22,"caption":"rediseg.com"},"image":{"@id":"https:\/\/rediseg.com\/#\/schema\/logo\/image\/"}}]}},"_links":{"self":[{"href":"https:\/\/rediseg.com\/index.php\/wp-json\/wp\/v2\/pages\/120","targetHints":{"allow":["GET"]}}],"collection":[{"href":"https:\/\/rediseg.com\/index.php\/wp-json\/wp\/v2\/pages"}],"about":[{"href":"https:\/\/rediseg.com\/index.php\/wp-json\/wp\/v2\/types\/page"}],"author":[{"embeddable":true,"href":"https:\/\/rediseg.com\/index.php\/wp-json\/wp\/v2\/users\/1"}],"replies":[{"embeddable":true,"href":"https:\/\/rediseg.com\/index.php\/wp-json\/wp\/v2\/comments?post=120"}],"version-history":[{"count":5,"href":"https:\/\/rediseg.com\/index.php\/wp-json\/wp\/v2\/pages\/120\/revisions"}],"predecessor-version":[{"id":516,"href":"https:\/\/rediseg.com\/index.php\/wp-json\/wp\/v2\/pages\/120\/revisions\/516"}],"wp:attachment":[{"href":"https:\/\/rediseg.com\/index.php\/wp-json\/wp\/v2\/media?parent=120"}],"curies":[{"name":"wp","href":"https:\/\/api.w.org\/{rel}","templated":true}]}}