{"id":32,"date":"2025-09-12T18:17:58","date_gmt":"2025-09-12T18:17:58","guid":{"rendered":"https:\/\/rediseg.com\/?page_id=32"},"modified":"2026-02-16T16:37:07","modified_gmt":"2026-02-16T16:37:07","slug":"investigacion-y-desarrollo","status":"publish","type":"page","link":"https:\/\/rediseg.com\/index.php\/investigacion-y-desarrollo\/","title":{"rendered":"Investigaci\u00f3n y Desarrollo"},"content":{"rendered":"\n<div class=\"plabs_i_d\">\n    <h1>El area de I+D trabaja en nuevas\n        <br class=\"pc_only\">\n        tecnolog\u00edas y en soluciones <br> innovadoras para generar\n        <br class=\"pc_only\">\n        productos y servicios de vanguardia.\n    <\/h1>\n<\/div>\n\n<section class=\"i_d_section\">\n    <h1>Beneficios claves<\/h1>\n    <p>Descubre c\u00f3mo nuestra experiencia puede impulsar tu negocio.<\/p>\n\n\n    <div class=\"i_d_grid_services\">\n        <div class=\"id_d_grid_item\">\n            <img decoding=\"async\" src=\"https:\/\/rediseg.com\/wp-content\/uploads\/2025\/09\/soluciones_medida.png\" \/>\n            <h2>Soluciones a Medida<\/h2>\n            <p>Desarrollamos soluciones tecnol\u00f3gicas espec\u00edficas para satisfacer las necesidades \u00fanicas de cada cliente.\n            <\/p>\n        <\/div>\n        <div class=\"id_d_grid_item\">\n            <img decoding=\"async\" src=\"https:\/\/rediseg.com\/wp-content\/uploads\/2025\/09\/equipo_expertos.png\" \/>\n            <h2>Equipo de Expertos<\/h2>\n            <p>Contamos con un equipo de ingenieros con amplia experiencia en diversas \u00e1reas.<\/p>\n        <\/div>\n        <div class=\"id_d_grid_item\">\n            <img decoding=\"async\" src=\"https:\/\/rediseg.com\/wp-content\/uploads\/2025\/09\/innovacion_continua.png\" \/>\n            <h2>Innovaci\u00f3n Continua<\/h2>\n            <p>Mantenemos un enfoque constante en la investigaci\u00f3n y el desarrollo para ofrecer soluciones siempre a la\n                vanguardia.<\/p>\n        <\/div>\n        <div class=\"id_d_grid_item\">\n            <img decoding=\"async\" src=\"https:\/\/rediseg.com\/wp-content\/uploads\/2025\/09\/seguridad.png\" \/>\n            <h2>Calidad y Seguridad<\/h2>\n            <p>Garantizamos la m\u00e1xima calidad y seguridad en todos nuestros procesos y productos.<\/p>\n        <\/div>\n    <\/div>\n\n<\/section>\n\n<section class=\"i_d_section\">\n    <h1>Metodolog\u00eda de Trabajo<\/h1>\n    <p>Descubre c\u00f3mo nuestra experiencia puede impulsar tu negocio.<\/p>\n\n    <br>\n\n    <div class=\"i_d_timeline_section\">\n        <div class=\"i_d_item_section\">\n            <div class=\"i_d_card_section\">\n                <!-- <div class=\"i_d_number_section\">1<\/div> -->\n                <h3 class=\"i_d_title_section\">An\u00e1lisis y Planificaci\u00f3n<\/h3>\n                <p class=\"i_d_description_section\">Evaluaci\u00f3n de necesidades y definici\u00f3n de objetivos.<\/p>\n            <\/div>\n        <\/div>\n\n        <div class=\"i_d_item_section\">\n            <div class=\"i_d_card_section\">\n                <!-- <div class=\"i_d_number_section\">2<\/div> -->\n                <h3 class=\"i_d_title_section\">Dise\u00f1o y Prototipado<\/h3>\n                <p class=\"i_d_description_section\">Creaci\u00f3n de prototipos y validaci\u00f3n de conceptos.<\/p>\n            <\/div>\n        <\/div>\n\n        <div class=\"i_d_item_section\">\n            <div class=\"i_d_card_section\">\n                <!-- <div class=\"i_d_number_section\">3<\/div> -->\n                <h3 class=\"i_d_title_section\">Desarrollo y Pruebas<\/h3>\n                <p class=\"i_d_description_section\">Desarrollo de la soluci\u00f3n y pruebas exhaustivas.<\/p>\n            <\/div>\n        <\/div>\n\n        <div class=\"i_d_item_section\">\n            <div class=\"i_d_card_section\">\n                <!-- <div class=\"i_d_number_section\">4<\/div> -->\n                <h3 class=\"i_d_title_section\">Seguimiento y Mejora<\/h3>\n                <p class=\"i_d_description_section\">Monitoreo continuo y optimizaci\u00f3n de la soluci\u00f3n<\/p>\n            <\/div>\n        <\/div>\n    <\/div>\n<\/section>\n\n<section class=\"i_d_section\">\n    <h1>Nuestro Laboratorio<\/h1>\n    <p>Nuestro laboratorio de I+D est\u00e1 equipado con tecnolog\u00eda de punta para llevar a cabo investigaciones y desarrollos\n        de alta complejidad. Contamos con:<\/p>\n\n    <br>\n\n    <div class=\"i_d_section_metodology\">\n        <div>\n            <img decoding=\"async\" width=\"100%\" src=\"\/wp-content\/uploads\/2025\/09\/laboratorio.png\" alt=\"\">\n            <h3>Laboratorio de electronica<\/h3>\n        <\/div>\n        <div>\n            <img decoding=\"async\" width=\"100%\" src=\"\/wp-content\/uploads\/2025\/09\/modelado-3d.png\" alt=\"\">\n            <h3>Modelado 3D<\/h3>\n        <\/div>\n        <div>\n            <img decoding=\"async\" width=\"100%\" src=\"\/wp-content\/uploads\/2025\/09\/robotica.png\" alt=\"\">\n            <h3>Rob\u00f3tica y Automatizaci\u00f3n<\/h3>\n        <\/div>\n        <div>\n            <img decoding=\"async\" width=\"100%\" src=\"\/wp-content\/uploads\/2025\/09\/computo-1.png\" alt=\"\">\n            <h3>Infraestructura de C\u00f3mputo<\/h3>\n        <\/div>\n    <\/div>\n<\/section>\n\n<div style=\"background-color: #FFF;\">\n\n    <div class=\"plabs_service_cta\">\n        <h4>\n            <span class=\"plabs_service_cta_title_v1\">\n                &#8220;Su seguridad es\n                <br>\n                nuestro compromiso&#8221;\n            <\/span>\n            <br>\n            <span class=\"plabs_service_cta_title_v2\">\n                \u00bfPor qu\u00e9 elegirnos?\n            <\/span>\n        <\/h4>\n        <div class=\"plabs_service_absolute_line\"><\/div>\n        <div class=\"plabs_service_line\">\n            <div class=\"i_d_section_timeline_item\">\n                <div class=\"plabs_service_icon\">\n                    <img decoding=\"async\" src=\"\/wp-content\/uploads\/2025\/09\/tech-1.png\" \/>\n                <\/div>\n                <p class=\"plabs_service_cta_title\">Tecnolog\u00eda de\n                    <br>\n                    \u00faltima generaci\u00f3n\n                <\/p>\n            <\/div>\n\n            <div class=\"i_d_section_timeline_item\">\n                <div class=\"plabs_service_icon\">\n                    <img decoding=\"async\" src=\"\/wp-content\/uploads\/2025\/09\/instalation.png\" \/>\n                <\/div>\n                <p class=\"plabs_service_cta_title\">Instalaci\u00f3n\n                    <br>\n                    Profesional\n                <\/p>\n            <\/div>\n\n\n            <div class=\"i_d_section_timeline_item\">\n                <div class=\"plabs_service_icon\">\n                    <img decoding=\"async\" src=\"\/wp-content\/uploads\/2025\/09\/support.png\" \/>\n                <\/div>\n                <p class=\"plabs_service_cta_title\">Soporte 24\/7\n                <\/p>\n            <\/div>\n\n            <div class=\"i_d_section_timeline_item\">\n                <div class=\"plabs_service_icon\">\n                    <img decoding=\"async\" src=\"\/wp-content\/uploads\/2025\/09\/solutions.png\" \/>\n                <\/div>\n                <p class=\"plabs_service_cta_title\">Soluciones\n                    <br>\n                    Personalizadas\n                <\/p>\n            <\/div>\n\n            <div class=\"i_d_section_timeline_item\">\n                <div class=\"plabs_service_icon\">\n                    <img decoding=\"async\" src=\"\/wp-content\/uploads\/2025\/09\/free_attention.png\" \/>\n                <\/div>\n                <p class=\"plabs_service_cta_title\">Asesor\u00eda\n                    <br>\n                    Gratuita\n                <\/p>\n            <\/div>\n        <\/div>\n    <\/div>\n\n    <div class=\"plabs_service_footer\">\n        <a id=\"invydes\" class=\"botoncontacto\" href=\"http:\/\/wa.me\/\/573184853352\" target=\"_blank\" rel=\"noopener\">\n            Cont\u00e1ctanos para una soluci\u00f3n a tu medida\n        <\/a>\n    <\/div>\n<\/div>\n\n\n\n<p><\/p>\n","protected":false},"excerpt":{"rendered":"<p>El area de I+D trabaja en nuevas tecnolog\u00edas y en soluciones innovadoras para generar productos y servicios de vanguardia. Beneficios claves Descubre c\u00f3mo nuestra experiencia puede impulsar tu negocio. Soluciones a Medida Desarrollamos soluciones tecnol\u00f3gicas espec\u00edficas para satisfacer las necesidades \u00fanicas de cada cliente. Equipo de Expertos Contamos con un equipo de ingenieros con amplia [&hellip;]<\/p>\n","protected":false},"author":1,"featured_media":0,"parent":0,"menu_order":0,"comment_status":"closed","ping_status":"closed","template":"","meta":{"footnotes":""},"class_list":["post-32","page","type-page","status-publish","hentry"],"yoast_head":"<!-- This site is optimized with the Yoast SEO plugin v26.7 - https:\/\/yoast.com\/wordpress\/plugins\/seo\/ -->\n<title>Investigaci\u00f3n y Desarrollo - rediseg.com<\/title>\n<meta name=\"robots\" content=\"index, follow, max-snippet:-1, max-image-preview:large, max-video-preview:-1\" \/>\n<link rel=\"canonical\" href=\"https:\/\/rediseg.com\/index.php\/investigacion-y-desarrollo\/\" \/>\n<meta property=\"og:locale\" content=\"es_ES\" \/>\n<meta property=\"og:type\" content=\"article\" \/>\n<meta property=\"og:title\" content=\"Investigaci\u00f3n y Desarrollo - rediseg.com\" \/>\n<meta property=\"og:description\" content=\"El area de I+D trabaja en nuevas tecnolog\u00edas y en soluciones innovadoras para generar productos y servicios de vanguardia. Beneficios claves Descubre c\u00f3mo nuestra experiencia puede impulsar tu negocio. Soluciones a Medida Desarrollamos soluciones tecnol\u00f3gicas espec\u00edficas para satisfacer las necesidades \u00fanicas de cada cliente. Equipo de Expertos Contamos con un equipo de ingenieros con amplia [&hellip;]\" \/>\n<meta property=\"og:url\" content=\"https:\/\/rediseg.com\/index.php\/investigacion-y-desarrollo\/\" \/>\n<meta property=\"og:site_name\" content=\"rediseg.com\" \/>\n<meta property=\"article:modified_time\" content=\"2026-02-16T16:37:07+00:00\" \/>\n<meta property=\"og:image\" content=\"https:\/\/rediseg.com\/wp-content\/uploads\/2025\/09\/soluciones_medida.png\" \/>\n<meta name=\"twitter:card\" content=\"summary_large_image\" \/>\n<meta name=\"twitter:label1\" content=\"Tiempo de lectura\" \/>\n\t<meta name=\"twitter:data1\" content=\"4 minutos\" \/>\n<script type=\"application\/ld+json\" class=\"yoast-schema-graph\">{\"@context\":\"https:\/\/schema.org\",\"@graph\":[{\"@type\":\"WebPage\",\"@id\":\"https:\/\/rediseg.com\/index.php\/investigacion-y-desarrollo\/\",\"url\":\"https:\/\/rediseg.com\/index.php\/investigacion-y-desarrollo\/\",\"name\":\"Investigaci\u00f3n y Desarrollo - rediseg.com\",\"isPartOf\":{\"@id\":\"https:\/\/rediseg.com\/#website\"},\"primaryImageOfPage\":{\"@id\":\"https:\/\/rediseg.com\/index.php\/investigacion-y-desarrollo\/#primaryimage\"},\"image\":{\"@id\":\"https:\/\/rediseg.com\/index.php\/investigacion-y-desarrollo\/#primaryimage\"},\"thumbnailUrl\":\"https:\/\/rediseg.com\/wp-content\/uploads\/2025\/09\/soluciones_medida.png\",\"datePublished\":\"2025-09-12T18:17:58+00:00\",\"dateModified\":\"2026-02-16T16:37:07+00:00\",\"breadcrumb\":{\"@id\":\"https:\/\/rediseg.com\/index.php\/investigacion-y-desarrollo\/#breadcrumb\"},\"inLanguage\":\"es-CO\",\"potentialAction\":[{\"@type\":\"ReadAction\",\"target\":[\"https:\/\/rediseg.com\/index.php\/investigacion-y-desarrollo\/\"]}]},{\"@type\":\"ImageObject\",\"inLanguage\":\"es-CO\",\"@id\":\"https:\/\/rediseg.com\/index.php\/investigacion-y-desarrollo\/#primaryimage\",\"url\":\"https:\/\/rediseg.com\/wp-content\/uploads\/2025\/09\/soluciones_medida.png\",\"contentUrl\":\"https:\/\/rediseg.com\/wp-content\/uploads\/2025\/09\/soluciones_medida.png\",\"width\":20,\"height\":21},{\"@type\":\"BreadcrumbList\",\"@id\":\"https:\/\/rediseg.com\/index.php\/investigacion-y-desarrollo\/#breadcrumb\",\"itemListElement\":[{\"@type\":\"ListItem\",\"position\":1,\"name\":\"Inicio\",\"item\":\"https:\/\/rediseg.com\/\"},{\"@type\":\"ListItem\",\"position\":2,\"name\":\"Investigaci\u00f3n y Desarrollo\"}]},{\"@type\":\"WebSite\",\"@id\":\"https:\/\/rediseg.com\/#website\",\"url\":\"https:\/\/rediseg.com\/\",\"name\":\"rediseg.com\",\"description\":\"\",\"publisher\":{\"@id\":\"https:\/\/rediseg.com\/#organization\"},\"potentialAction\":[{\"@type\":\"SearchAction\",\"target\":{\"@type\":\"EntryPoint\",\"urlTemplate\":\"https:\/\/rediseg.com\/?s={search_term_string}\"},\"query-input\":{\"@type\":\"PropertyValueSpecification\",\"valueRequired\":true,\"valueName\":\"search_term_string\"}}],\"inLanguage\":\"es-CO\"},{\"@type\":\"Organization\",\"@id\":\"https:\/\/rediseg.com\/#organization\",\"name\":\"rediseg.com\",\"url\":\"https:\/\/rediseg.com\/\",\"logo\":{\"@type\":\"ImageObject\",\"inLanguage\":\"es-CO\",\"@id\":\"https:\/\/rediseg.com\/#\/schema\/logo\/image\/\",\"url\":\"https:\/\/rediseg.com\/wp-content\/uploads\/2025\/09\/logo-rediseg.png\",\"contentUrl\":\"https:\/\/rediseg.com\/wp-content\/uploads\/2025\/09\/logo-rediseg.png\",\"width\":144,\"height\":22,\"caption\":\"rediseg.com\"},\"image\":{\"@id\":\"https:\/\/rediseg.com\/#\/schema\/logo\/image\/\"}}]}<\/script>\n<!-- \/ Yoast SEO plugin. -->","yoast_head_json":{"title":"Investigaci\u00f3n y Desarrollo - rediseg.com","robots":{"index":"index","follow":"follow","max-snippet":"max-snippet:-1","max-image-preview":"max-image-preview:large","max-video-preview":"max-video-preview:-1"},"canonical":"https:\/\/rediseg.com\/index.php\/investigacion-y-desarrollo\/","og_locale":"es_ES","og_type":"article","og_title":"Investigaci\u00f3n y Desarrollo - rediseg.com","og_description":"El area de I+D trabaja en nuevas tecnolog\u00edas y en soluciones innovadoras para generar productos y servicios de vanguardia. Beneficios claves Descubre c\u00f3mo nuestra experiencia puede impulsar tu negocio. Soluciones a Medida Desarrollamos soluciones tecnol\u00f3gicas espec\u00edficas para satisfacer las necesidades \u00fanicas de cada cliente. Equipo de Expertos Contamos con un equipo de ingenieros con amplia [&hellip;]","og_url":"https:\/\/rediseg.com\/index.php\/investigacion-y-desarrollo\/","og_site_name":"rediseg.com","article_modified_time":"2026-02-16T16:37:07+00:00","og_image":[{"url":"https:\/\/rediseg.com\/wp-content\/uploads\/2025\/09\/soluciones_medida.png","type":"","width":"","height":""}],"twitter_card":"summary_large_image","twitter_misc":{"Tiempo de lectura":"4 minutos"},"schema":{"@context":"https:\/\/schema.org","@graph":[{"@type":"WebPage","@id":"https:\/\/rediseg.com\/index.php\/investigacion-y-desarrollo\/","url":"https:\/\/rediseg.com\/index.php\/investigacion-y-desarrollo\/","name":"Investigaci\u00f3n y Desarrollo - rediseg.com","isPartOf":{"@id":"https:\/\/rediseg.com\/#website"},"primaryImageOfPage":{"@id":"https:\/\/rediseg.com\/index.php\/investigacion-y-desarrollo\/#primaryimage"},"image":{"@id":"https:\/\/rediseg.com\/index.php\/investigacion-y-desarrollo\/#primaryimage"},"thumbnailUrl":"https:\/\/rediseg.com\/wp-content\/uploads\/2025\/09\/soluciones_medida.png","datePublished":"2025-09-12T18:17:58+00:00","dateModified":"2026-02-16T16:37:07+00:00","breadcrumb":{"@id":"https:\/\/rediseg.com\/index.php\/investigacion-y-desarrollo\/#breadcrumb"},"inLanguage":"es-CO","potentialAction":[{"@type":"ReadAction","target":["https:\/\/rediseg.com\/index.php\/investigacion-y-desarrollo\/"]}]},{"@type":"ImageObject","inLanguage":"es-CO","@id":"https:\/\/rediseg.com\/index.php\/investigacion-y-desarrollo\/#primaryimage","url":"https:\/\/rediseg.com\/wp-content\/uploads\/2025\/09\/soluciones_medida.png","contentUrl":"https:\/\/rediseg.com\/wp-content\/uploads\/2025\/09\/soluciones_medida.png","width":20,"height":21},{"@type":"BreadcrumbList","@id":"https:\/\/rediseg.com\/index.php\/investigacion-y-desarrollo\/#breadcrumb","itemListElement":[{"@type":"ListItem","position":1,"name":"Inicio","item":"https:\/\/rediseg.com\/"},{"@type":"ListItem","position":2,"name":"Investigaci\u00f3n y Desarrollo"}]},{"@type":"WebSite","@id":"https:\/\/rediseg.com\/#website","url":"https:\/\/rediseg.com\/","name":"rediseg.com","description":"","publisher":{"@id":"https:\/\/rediseg.com\/#organization"},"potentialAction":[{"@type":"SearchAction","target":{"@type":"EntryPoint","urlTemplate":"https:\/\/rediseg.com\/?s={search_term_string}"},"query-input":{"@type":"PropertyValueSpecification","valueRequired":true,"valueName":"search_term_string"}}],"inLanguage":"es-CO"},{"@type":"Organization","@id":"https:\/\/rediseg.com\/#organization","name":"rediseg.com","url":"https:\/\/rediseg.com\/","logo":{"@type":"ImageObject","inLanguage":"es-CO","@id":"https:\/\/rediseg.com\/#\/schema\/logo\/image\/","url":"https:\/\/rediseg.com\/wp-content\/uploads\/2025\/09\/logo-rediseg.png","contentUrl":"https:\/\/rediseg.com\/wp-content\/uploads\/2025\/09\/logo-rediseg.png","width":144,"height":22,"caption":"rediseg.com"},"image":{"@id":"https:\/\/rediseg.com\/#\/schema\/logo\/image\/"}}]}},"_links":{"self":[{"href":"https:\/\/rediseg.com\/index.php\/wp-json\/wp\/v2\/pages\/32","targetHints":{"allow":["GET"]}}],"collection":[{"href":"https:\/\/rediseg.com\/index.php\/wp-json\/wp\/v2\/pages"}],"about":[{"href":"https:\/\/rediseg.com\/index.php\/wp-json\/wp\/v2\/types\/page"}],"author":[{"embeddable":true,"href":"https:\/\/rediseg.com\/index.php\/wp-json\/wp\/v2\/users\/1"}],"replies":[{"embeddable":true,"href":"https:\/\/rediseg.com\/index.php\/wp-json\/wp\/v2\/comments?post=32"}],"version-history":[{"count":5,"href":"https:\/\/rediseg.com\/index.php\/wp-json\/wp\/v2\/pages\/32\/revisions"}],"predecessor-version":[{"id":652,"href":"https:\/\/rediseg.com\/index.php\/wp-json\/wp\/v2\/pages\/32\/revisions\/652"}],"wp:attachment":[{"href":"https:\/\/rediseg.com\/index.php\/wp-json\/wp\/v2\/media?parent=32"}],"curies":[{"name":"wp","href":"https:\/\/api.w.org\/{rel}","templated":true}]}}