{"id":41,"date":"2025-09-12T18:21:14","date_gmt":"2025-09-12T18:21:14","guid":{"rendered":"https:\/\/rediseg.com\/?page_id=41"},"modified":"2025-09-24T16:40:00","modified_gmt":"2025-09-24T16:40:00","slug":"faqs","status":"publish","type":"page","link":"https:\/\/rediseg.com\/index.php\/faqs\/","title":{"rendered":"FAQs"},"content":{"rendered":"\n<img decoding=\"async\" style=\"box-shadow:0px 4px 4px #00000045;\" width=\"100%\" src=\"\/wp-content\/uploads\/2025\/09\/hero_faq.jpg\">\n\n\n\n<style>\n    .Plabs_FAQs-container {\n        width: 900px;\n        margin: 0 auto;\n        margin-bottom: 20px;\n    }\n\n    .Plabs_FAQs-container h2 {\n        color: white;\n        font-weight: bold;\n        font-size: 27px;\n        margin: 8px 0;\n    }\n\n    .Plabs_FAQs-question i {\n        font-size: 25px;\n    }\n\n    .Plabs_FAQs-question {\n        display: flex;\n        justify-content: space-between;\n        align-items: center;\n        line-height: 21px;\n        padding: 5px 15px;\n        border: 1px solid #CFDBE8;\n        border-radius: 8px;\n        \/* width: 100%; *\/\n        color: #122E5C;\n        font-size: 12px;\n        background-color: #F7FAFC;\n        margin-bottom: 10px;\n        cursor: pointer;\n    }\n\n    .Plabs_FAQs-question>h4 {\n        margin: 0;\n        padding: 0;\n    }\n\n    .Plabs_FAQs-item {\n        display: none;\n        position: relative;\n        top: -17px;\n        border-top: 1.8px solid rgb(232, 229, 229);\n        background-color: #F7FAFC;\n        border-radius: 0 0 5px 5px;\n        font-size: 12px;\n        padding: 15px;\n        color: #122E5C;\n        margin-bottom: -7px;\n    }\n\n    .rotate {\n        transform: rotate(180deg);\n        transition: transform 0.3s;\n    }\n\n    @media (max-width: 900px) {\n        .Plabs_FAQs-container {\n            width: 100%;\n        }\n\n        .Plabs_FAQs-container h2 {\n            font-size: 20px;\n        }\n\n    }\n\n    @media (max-width: 790px) {\n        .Plabs_FAQs-container {\n            width: 355px;\n        }\n\n        .Plabs_FAQs-container h2 {\n            font-size: 16px;\n        }\n    }\n<\/style>\n\n<div class=\"body\">\n    <div class=\"Plabs_FAQs-container\">\n        <h2>\ud83d\udcf9 Sobre CCTV y Videovigilancia<\/h2>\n        <div>\n            <div class=\"Plabs_FAQs-question\">\n                <h4>\u00bfPuedo ver las c\u00e1maras desde mi celular?<\/h4>\n                <i class=\"fa fa-angle-down\" aria-hidden=\"true\"><\/i>\n            <\/div>\n            <p class=\"Plabs_FAQs-item\">\n                \u2705 S\u00ed, con nuestra app m\u00f3vil podr\u00e1s monitorear en tiempo real desde cualquier lugar.\n            <\/p>\n        <\/div>\n        <div>\n            <div class=\"Plabs_FAQs-question\">\n                <h4>\u00bfLas c\u00e1maras funcionan de noche?<\/h4>\n                <i class=\"fa fa-angle-down\" aria-hidden=\"true\"><\/i>\n            <\/div>\n            <p class=\"Plabs_FAQs-item\">\n                \u2705 Absolutamente. Contamos con modelos con visi\u00f3n nocturna infrarroja para vigilancia 24\/7.\n            <\/p>\n        <\/div>\n        <div>\n            <div class=\"Plabs_FAQs-question\">\n                <h4>\u00bfCu\u00e1nto tiempo se almacenan las grabaciones?<\/h4>\n                <i class=\"fa fa-angle-down\" aria-hidden=\"true\"><\/i>\n            <\/div>\n            <p class=\"Plabs_FAQs-item\">\n                \ud83d\udcc5 Depende del sistema: desde 1 d\u00eda hasta varios meses (te asesoramos seg\u00fan tus necesidades).\n            <\/p>\n        <\/div>\n    <\/div>\n    <!-- Sobre Control de Visitantes -->\n    <div class=\"Plabs_FAQs-container\">\n        <h2>\ud83d\udc64 Sobre Control de Visitantes<\/h2>\n        <div>\n            <div class=\"Plabs_FAQs-question\">\n                <h4> \u00bfQu\u00e9 pasa si un visitante no tiene identificaci\u00f3n?<\/h4>\n                <i class=\"fa fa-angle-down\" aria-hidden=\"true\"><\/i>\n            <\/div>\n            <p class=\"Plabs_FAQs-item\">\n                \ud83c\udd94 Nuestros sistemas permiten registro manual con foto y datos personales para total control.\n            <\/p>\n        <\/div>\n        <div>\n            <div class=\"Plabs_FAQs-question\">\n                <h4>\u00bfPuedo restringir zonas espec\u00edficas?<\/h4>\n                <i class=\"fa fa-angle-down\" aria-hidden=\"true\"><\/i>\n            <\/div>\n            <p class=\"Plabs_FAQs-item\">\n                \ud83d\udea7 S\u00ed, puedes asignar permisos por \u00e1reas y horarios para cada tipo de visitante.\n            <\/p>\n        <\/div>\n    <\/div>\n    <!--Sobre Alarmas de Intrusi\u00f3n -->\n    <div class=\"Plabs_FAQs-container\">\n        <h2>\ud83d\udea8 Sobre Alarmas de Intrusi\u00f3n<\/h2>\n        <div>\n            <div class=\"Plabs_FAQs-question\">\n                <h4>\u00bfQu\u00e9 pasa si se corta la luz o el internet?<\/h4>\n                <i class=\"fa fa-angle-down\" aria-hidden=\"true\"><\/i>\n            <\/div>\n            <p class=\"Plabs_FAQs-item\">\n                \ud83d\udd0b Todos nuestros sistemas incluyen bater\u00eda de respaldo (4-12 hrs seg\u00fan modelo) y conexi\u00f3n celular.\n            <\/p>\n        <\/div>\n    <\/div>\n    <!--Sobre Detecci\u00f3n de Incendios-->\n    <div class=\"Plabs_FAQs-container\">\n        <h2>\ud83d\udd25 Sobre Detecci\u00f3n de Incendios<\/h2>\n        <div>\n            <div class=\"Plabs_FAQs-question\">\n                <h4>\u00bfSe activa con el humo de cocinar?<\/h4>\n                <i class=\"fa fa-angle-down\" aria-hidden=\"true\"><\/i>\n            <\/div>\n            <p class=\"Plabs_FAQs-item\">\n                \ud83d\udc68\u200d\ud83c\udf73 No, usamos sensores inteligentes que diferencian humo peligroso de vapores normales.\n            <\/p>\n        <\/div>\n        <div>\n            <div class=\"Plabs_FAQs-question\">\n                <h4>\u00bfRequieren mucho mantenimiento?<\/h4>\n                <i class=\"fa fa-angle-down\" aria-hidden=\"true\"><\/i>\n            <\/div>\n            <p class=\"Plabs_FAQs-item\">\n                \ud83e\uddf9 Solo revisiones bimestrales o semestrales\n            <\/p>\n        <\/div>\n    <\/div>\n    <!--Sobre Cajas Fuertes-->\n    <div class=\"Plabs_FAQs-container\">\n        <h2>\ud83d\udcb0 Sobre Cajas Fuertes<\/h2>\n        <div>\n            <div class=\"Plabs_FAQs-question\">\n                <h4>\u00bfQu\u00e9 diferencia hay entre cofre y caja fuerte?<\/h4>\n                <i class=\"fa fa-angle-down\" aria-hidden=\"true\"><\/i>\n            <\/div>\n            <p class=\"Plabs_FAQs-item\">\n                \ud83d\udce6 Cofres: Port\u00e1tiles y b\u00e1sicos. Cajas fuertes: Mayor protecci\u00f3n (robos\/incendios\/inundaciones).\n            <\/p>\n        <\/div>\n        <div>\n            <div class=\"Plabs_FAQs-question\">\n                <h4>\u00bfQu\u00e9 pasa si olvido la combinaci\u00f3n?<\/h4>\n                <i class=\"fa fa-angle-down\" aria-hidden=\"true\"><\/i>\n            <\/div>\n            <p class=\"Plabs_FAQs-item\">\n                \ud83d\udd10 Ofrecemos servicio de apertura profesional.\n            <\/p>\n        <\/div>\n    <\/div>\n    <!--Sobre Control de Accesos-->\n    <div class=\"Plabs_FAQs-container\">\n        <h2>\ud83d\udd11 Sobre Control de Accesos<\/h2>\n        <div>\n            <div class=\"Plabs_FAQs-question\">\n                <h4>\u00bfPuedo dar acceso temporal?<\/h4>\n                <i class=\"fa fa-angle-down\" aria-hidden=\"true\"><\/i>\n            <\/div>\n            <p class=\"Plabs_FAQs-item\">\n                \u23f3 S\u00ed, para proveedores o contratistas con fechas de vencimiento programadas.\n            <\/p>\n        <\/div>\n        <div>\n            <div class=\"Plabs_FAQs-question\">\n                <h4>\u00bfEs complicado de instalar?<\/h4>\n                <i class=\"fa fa-angle-down\" aria-hidden=\"true\"><\/i>\n            <\/div>\n            <p class=\"Plabs_FAQs-item\">\n                \ud83d\udee0\ufe0f Nuestros t\u00e9cnicos realizan instalaci\u00f3n limpia en horas (sin obras mayores).\n            <\/p>\n        <\/div>\n    <\/div>\n    <!--Sobre Renta de Equipos-->\n    <div class=\"Plabs_FAQs-container\">\n        <h2>\u23f3 Sobre Renta de Equipos<\/h2>\n        <div>\n            <div class=\"Plabs_FAQs-question\">\n                <h4>\u00bfQu\u00e9 pasa si un equipo se da\u00f1a?<\/h4>\n                <i class=\"fa fa-angle-down\" aria-hidden=\"true\"><\/i>\n            <\/div>\n            <p class=\"Plabs_FAQs-item\">\n                \ud83d\udee1\ufe0f Todo est\u00e1 cubierto por nuestro seguro (sin costos adicionales).\n            <\/p>\n        <\/div>\n    <\/div>\n    <!--Para Clientes Empresariales-->\n    <div class=\"Plabs_FAQs-container\">\n        <h2>\ud83d\udcbc Para Clientes Empresariales<\/h2>\n        <div>\n            <div class=\"Plabs_FAQs-question\">\n                <h4>\u00bfOfrecen beneficios fiscales?<\/h4>\n                <i class=\"fa fa-angle-down\" aria-hidden=\"true\"><\/i>\n            <\/div>\n            <p class=\"Plabs_FAQs-item\">\n                \ud83c\udfe6 S\u00ed, nuestros sistemas califican para deducciones de impuestos (te explicamos c\u00f3mo).\n            <\/p>\n        <\/div>\n    <\/div>\n<\/div>\n<br>\n\n<script>\n    document.addEventListener(\"DOMContentLoaded\", () => {\n        const questions = document.querySelectorAll(\".Plabs_FAQs-question\");\n\n        questions.forEach(element => {\n            element.addEventListener(\"click\", () => {\n                const p = element.nextElementSibling;\n                const icon = element.querySelector(\"i\");\n\n                p.style.display = p.style.display === \"block\" ? \"none\" : \"block\";\n                icon.classList.toggle(\"rotate\");\n            });\n        });\n    })\n<\/script>\n\n\n\n<section class=\"plabs_section plabs_section_contact\">\n  <h2>\u00a1Habla con nuestros expertos!<\/h2>\n\n  <p>Nuestro equipo est\u00e1 aqu\u00ed para responder sus preguntas y ayudarle a encontrar la mejor soluci\u00f3n de seguridad para\n    sus necesidades.<\/p>\n\n  <div class=\"plabs_section_contact_flex\">\n    <div>\n      <img decoding=\"async\" src=\"\/wp-content\/uploads\/2025\/09\/contact_form.png\" alt=\"Rediseg SAS\">\n    <\/div>\n    <div>\n      <form id=\"plabs_form\" method=\"POST\">\n        <div class=\"plabs_input_container\">\n          <input name=\"name\" placeholder=\"Nombre (*)\" type=\"text\" required>\n          <input name=\"lastname\" placeholder=\"Apellido (*)\" type=\"text\" required>\n        <\/div>\n\n        <div class=\"plabs_input_container\">\n          <input name=\"email\" placeholder=\"Correo electr\u00f3nico (*)\" type=\"email\" required>\n        <\/div>\n\n        <div class=\"plabs_input_container\">\n          <select name=\"country\" required>\n            <option value=\"\">Pa\u00eds (*)<\/option>\n            <option value=\"Colombia\">Colombia<\/option>\n            <option value=\"M\u00e9xico\">M\u00e9xico<\/option>\n            <option value=\"Argentina\">Argentina<\/option>\n          <\/select>\n          <input name=\"phone\" placeholder=\"N\u00famero de tel\u00e9fono (*)\" type=\"text\" required>\n        <\/div>\n\n        <div class=\"plabs_input_container\">\n          <input name=\"business\" placeholder=\"Nombre de su empresa (*)\" type=\"text\" required>\n        <\/div>\n\n        <label for=\"service\" class=\"plabs_label_service\"> \u00bfQu\u00e9 servicio o producto le interesa? <\/label>\n\n        <div class=\"plabs_input_container\">\n          <div class=\"plabs_checkgroup\">\n            <div>\n              <label class=\"container_checkgroup_item\">\n                CCTV\n                <input name=\"services[]\" type=\"checkbox\" value=\"CCTV\">\n                <span class=\"checkmark\"><\/span>\n              <\/label>\n\n              <label class=\"container_checkgroup_item\">\n                Control de Visitantes\n                <input name=\"services[]\" type=\"checkbox\" value=\"Control de Visitantes\">\n                <span class=\"checkmark\"><\/span>\n              <\/label>\n\n              <label class=\"container_checkgroup_item\">Alarmas\n                <input name=\"services[]\" type=\"checkbox\" value=\"Alarmas\">\n                <span class=\"checkmark\"><\/span>\n              <\/label>\n\n              <label class=\"container_checkgroup_item\">Cajas Fuertes\n                <input name=\"services[]\" type=\"checkbox\" value=\"Cajas Fuertes\">\n                <span class=\"checkmark\"><\/span>\n              <\/label>\n\n              <label class=\"container_checkgroup_item\">Detecci\u00f3n de Incendios\n                <input name=\"services[]\" type=\"checkbox\" value=\"Detecci\u00f3n de Incendios\">\n                <span class=\"checkmark\"><\/span>\n              <\/label>\n            <\/div>\n\n            <div>\n\t\t\t<label class=\"container_checkgroup_item\">Control de Accesos\n                <input name=\"services[]\" type=\"checkbox\" value=\"Control de Accesos\">\n                <span class=\"checkmark\"><\/span>\n              <\/label>\n\n              <label class=\"container_checkgroup_item\">Renta de Equipos\n                <input name=\"services[]\" type=\"checkbox\" value=\"Renta de Equipos\">\n                <span class=\"checkmark\"><\/span>\n              <\/label>\n\t\t\t  \n              <label class=\"container_checkgroup_item\">Software de Monitoreo de Alarmas\n                <input name=\"services[]\" type=\"checkbox\" value=\"Software de Monitoreo de Alarmas\">\n                <span class=\"checkmark\"><\/span>\n              <\/label>\n\n              <label class=\"container_checkgroup_item\">SIM2 MOVE PLUS\n                <input name=\"services[]\" type=\"checkbox\" value=\"SIM2 MOVE PLUS\">\n                <span class=\"checkmark\"><\/span>\n              <\/label>\n\n              <label class=\"container_checkgroup_item\">GPRS Comunicadores Universales\n                <input name=\"services[]\" type=\"checkbox\" value=\"GPRS Comunicadores Universales\">\n                <span class=\"checkmark\"><\/span>\n              <\/label>\n            <\/div>\n          <\/div>\n        <\/div>\n\n        <div class=\"plabs_input_container\">\n          <textarea placeholder=\"Mensaje\" name=\"plabs_form_message\" rows=\"3\"><\/textarea>\n        <\/div>\n\n        <p class=\"plabs_form_intructions\">* Indica que la pregunta es obligatoria<\/p>\n\n        <label>\n          <input type=\"checkbox\" name=\"terms\" required>\n          <small>Estoy de acuerdo con los <a target=\"_blank\" style=\"color:#2c2c2c;\" href=\"https:\/\/rediseg.com\/wp-content\/uploads\/2025\/09\/POLITICA-PROTECCION-DE-DATOS-REDISEG-LIMITADA.pdf\">t\u00e9rminos y condiciones. <\/a><\/small>\n        <\/label>\n\t\t<div style=\"margin-bottom: 10px;\"><\/div>\n        <!-- reCAPTCHA -->\n        <div id=\"recaptcha-error\" style=\"color: red; display: none; margin-top: 15px;\">\n          Por favor, completa el reCAPTCHA.\n        <\/div>\n\n        <button data-sitekey=\"6LdVBtYrAAAAAG5uCT5ytGyLXaUnV1IOe-aWJqom\" data-callback=\"onSubmit\" data-badge=\"inline\"\n           class=\"plabs_button_submit g-recaptcha\" type=\"submit\">ENVIAR<\/button>\n\n        <!-- Mensajes de respuesta -->\n        <div id=\"form-response\" style=\"margin-top: 10px;\"><\/div>\n      <\/form>\n    <\/div>\n  <\/div>\n\n<\/section>        \n    \n","protected":false},"excerpt":{"rendered":"<p>\ud83d\udcf9 Sobre CCTV y Videovigilancia \u00bfPuedo ver las c\u00e1maras desde mi celular? \u2705 S\u00ed, con nuestra app m\u00f3vil podr\u00e1s monitorear en tiempo real desde cualquier lugar. \u00bfLas c\u00e1maras funcionan de noche? \u2705 Absolutamente. Contamos con modelos con visi\u00f3n nocturna infrarroja para vigilancia 24\/7. \u00bfCu\u00e1nto tiempo se almacenan las grabaciones? \ud83d\udcc5 Depende del sistema: desde 1 [&hellip;]<\/p>\n","protected":false},"author":1,"featured_media":0,"parent":0,"menu_order":0,"comment_status":"closed","ping_status":"closed","template":"","meta":{"footnotes":""},"class_list":["post-41","page","type-page","status-publish","hentry"],"yoast_head":"<!-- This site is optimized with the Yoast SEO plugin v26.7 - https:\/\/yoast.com\/wordpress\/plugins\/seo\/ -->\n<title>FAQs - rediseg.com<\/title>\n<meta name=\"robots\" content=\"index, follow, max-snippet:-1, max-image-preview:large, max-video-preview:-1\" \/>\n<link rel=\"canonical\" href=\"https:\/\/rediseg.com\/index.php\/faqs\/\" \/>\n<meta property=\"og:locale\" content=\"es_ES\" \/>\n<meta property=\"og:type\" content=\"article\" \/>\n<meta property=\"og:title\" content=\"FAQs - rediseg.com\" \/>\n<meta property=\"og:description\" content=\"\ud83d\udcf9 Sobre CCTV y Videovigilancia \u00bfPuedo ver las c\u00e1maras desde mi celular? \u2705 S\u00ed, con nuestra app m\u00f3vil podr\u00e1s monitorear en tiempo real desde cualquier lugar. \u00bfLas c\u00e1maras funcionan de noche? \u2705 Absolutamente. Contamos con modelos con visi\u00f3n nocturna infrarroja para vigilancia 24\/7. \u00bfCu\u00e1nto tiempo se almacenan las grabaciones? \ud83d\udcc5 Depende del sistema: desde 1 [&hellip;]\" \/>\n<meta property=\"og:url\" content=\"https:\/\/rediseg.com\/index.php\/faqs\/\" \/>\n<meta property=\"og:site_name\" content=\"rediseg.com\" \/>\n<meta property=\"article:modified_time\" content=\"2025-09-24T16:40:00+00:00\" \/>\n<meta name=\"twitter:card\" content=\"summary_large_image\" \/>\n<meta name=\"twitter:label1\" content=\"Tiempo de lectura\" \/>\n\t<meta name=\"twitter:data1\" content=\"1 minuto\" \/>\n<script type=\"application\/ld+json\" class=\"yoast-schema-graph\">{\"@context\":\"https:\/\/schema.org\",\"@graph\":[{\"@type\":\"WebPage\",\"@id\":\"https:\/\/rediseg.com\/index.php\/faqs\/\",\"url\":\"https:\/\/rediseg.com\/index.php\/faqs\/\",\"name\":\"FAQs - rediseg.com\",\"isPartOf\":{\"@id\":\"https:\/\/rediseg.com\/#website\"},\"datePublished\":\"2025-09-12T18:21:14+00:00\",\"dateModified\":\"2025-09-24T16:40:00+00:00\",\"breadcrumb\":{\"@id\":\"https:\/\/rediseg.com\/index.php\/faqs\/#breadcrumb\"},\"inLanguage\":\"es-CO\",\"potentialAction\":[{\"@type\":\"ReadAction\",\"target\":[\"https:\/\/rediseg.com\/index.php\/faqs\/\"]}]},{\"@type\":\"BreadcrumbList\",\"@id\":\"https:\/\/rediseg.com\/index.php\/faqs\/#breadcrumb\",\"itemListElement\":[{\"@type\":\"ListItem\",\"position\":1,\"name\":\"Inicio\",\"item\":\"https:\/\/rediseg.com\/\"},{\"@type\":\"ListItem\",\"position\":2,\"name\":\"FAQs\"}]},{\"@type\":\"WebSite\",\"@id\":\"https:\/\/rediseg.com\/#website\",\"url\":\"https:\/\/rediseg.com\/\",\"name\":\"rediseg.com\",\"description\":\"\",\"publisher\":{\"@id\":\"https:\/\/rediseg.com\/#organization\"},\"potentialAction\":[{\"@type\":\"SearchAction\",\"target\":{\"@type\":\"EntryPoint\",\"urlTemplate\":\"https:\/\/rediseg.com\/?s={search_term_string}\"},\"query-input\":{\"@type\":\"PropertyValueSpecification\",\"valueRequired\":true,\"valueName\":\"search_term_string\"}}],\"inLanguage\":\"es-CO\"},{\"@type\":\"Organization\",\"@id\":\"https:\/\/rediseg.com\/#organization\",\"name\":\"rediseg.com\",\"url\":\"https:\/\/rediseg.com\/\",\"logo\":{\"@type\":\"ImageObject\",\"inLanguage\":\"es-CO\",\"@id\":\"https:\/\/rediseg.com\/#\/schema\/logo\/image\/\",\"url\":\"https:\/\/rediseg.com\/wp-content\/uploads\/2025\/09\/logo-rediseg.png\",\"contentUrl\":\"https:\/\/rediseg.com\/wp-content\/uploads\/2025\/09\/logo-rediseg.png\",\"width\":144,\"height\":22,\"caption\":\"rediseg.com\"},\"image\":{\"@id\":\"https:\/\/rediseg.com\/#\/schema\/logo\/image\/\"}}]}<\/script>\n<!-- \/ Yoast SEO plugin. -->","yoast_head_json":{"title":"FAQs - rediseg.com","robots":{"index":"index","follow":"follow","max-snippet":"max-snippet:-1","max-image-preview":"max-image-preview:large","max-video-preview":"max-video-preview:-1"},"canonical":"https:\/\/rediseg.com\/index.php\/faqs\/","og_locale":"es_ES","og_type":"article","og_title":"FAQs - rediseg.com","og_description":"\ud83d\udcf9 Sobre CCTV y Videovigilancia \u00bfPuedo ver las c\u00e1maras desde mi celular? \u2705 S\u00ed, con nuestra app m\u00f3vil podr\u00e1s monitorear en tiempo real desde cualquier lugar. \u00bfLas c\u00e1maras funcionan de noche? \u2705 Absolutamente. Contamos con modelos con visi\u00f3n nocturna infrarroja para vigilancia 24\/7. \u00bfCu\u00e1nto tiempo se almacenan las grabaciones? \ud83d\udcc5 Depende del sistema: desde 1 [&hellip;]","og_url":"https:\/\/rediseg.com\/index.php\/faqs\/","og_site_name":"rediseg.com","article_modified_time":"2025-09-24T16:40:00+00:00","twitter_card":"summary_large_image","twitter_misc":{"Tiempo de lectura":"1 minuto"},"schema":{"@context":"https:\/\/schema.org","@graph":[{"@type":"WebPage","@id":"https:\/\/rediseg.com\/index.php\/faqs\/","url":"https:\/\/rediseg.com\/index.php\/faqs\/","name":"FAQs - rediseg.com","isPartOf":{"@id":"https:\/\/rediseg.com\/#website"},"datePublished":"2025-09-12T18:21:14+00:00","dateModified":"2025-09-24T16:40:00+00:00","breadcrumb":{"@id":"https:\/\/rediseg.com\/index.php\/faqs\/#breadcrumb"},"inLanguage":"es-CO","potentialAction":[{"@type":"ReadAction","target":["https:\/\/rediseg.com\/index.php\/faqs\/"]}]},{"@type":"BreadcrumbList","@id":"https:\/\/rediseg.com\/index.php\/faqs\/#breadcrumb","itemListElement":[{"@type":"ListItem","position":1,"name":"Inicio","item":"https:\/\/rediseg.com\/"},{"@type":"ListItem","position":2,"name":"FAQs"}]},{"@type":"WebSite","@id":"https:\/\/rediseg.com\/#website","url":"https:\/\/rediseg.com\/","name":"rediseg.com","description":"","publisher":{"@id":"https:\/\/rediseg.com\/#organization"},"potentialAction":[{"@type":"SearchAction","target":{"@type":"EntryPoint","urlTemplate":"https:\/\/rediseg.com\/?s={search_term_string}"},"query-input":{"@type":"PropertyValueSpecification","valueRequired":true,"valueName":"search_term_string"}}],"inLanguage":"es-CO"},{"@type":"Organization","@id":"https:\/\/rediseg.com\/#organization","name":"rediseg.com","url":"https:\/\/rediseg.com\/","logo":{"@type":"ImageObject","inLanguage":"es-CO","@id":"https:\/\/rediseg.com\/#\/schema\/logo\/image\/","url":"https:\/\/rediseg.com\/wp-content\/uploads\/2025\/09\/logo-rediseg.png","contentUrl":"https:\/\/rediseg.com\/wp-content\/uploads\/2025\/09\/logo-rediseg.png","width":144,"height":22,"caption":"rediseg.com"},"image":{"@id":"https:\/\/rediseg.com\/#\/schema\/logo\/image\/"}}]}},"_links":{"self":[{"href":"https:\/\/rediseg.com\/index.php\/wp-json\/wp\/v2\/pages\/41","targetHints":{"allow":["GET"]}}],"collection":[{"href":"https:\/\/rediseg.com\/index.php\/wp-json\/wp\/v2\/pages"}],"about":[{"href":"https:\/\/rediseg.com\/index.php\/wp-json\/wp\/v2\/types\/page"}],"author":[{"embeddable":true,"href":"https:\/\/rediseg.com\/index.php\/wp-json\/wp\/v2\/users\/1"}],"replies":[{"embeddable":true,"href":"https:\/\/rediseg.com\/index.php\/wp-json\/wp\/v2\/comments?post=41"}],"version-history":[{"count":5,"href":"https:\/\/rediseg.com\/index.php\/wp-json\/wp\/v2\/pages\/41\/revisions"}],"predecessor-version":[{"id":282,"href":"https:\/\/rediseg.com\/index.php\/wp-json\/wp\/v2\/pages\/41\/revisions\/282"}],"wp:attachment":[{"href":"https:\/\/rediseg.com\/index.php\/wp-json\/wp\/v2\/media?parent=41"}],"curies":[{"name":"wp","href":"https:\/\/api.w.org\/{rel}","templated":true}]}}