{"id":91,"date":"2025-09-12T19:43:34","date_gmt":"2025-09-12T19:43:34","guid":{"rendered":"https:\/\/rediseg.com\/?page_id=91"},"modified":"2026-02-16T16:19:07","modified_gmt":"2026-02-16T16:19:07","slug":"deteccion-de-incendios-prevencion-de-riesgos","status":"publish","type":"page","link":"https:\/\/rediseg.com\/index.php\/deteccion-de-incendios-prevencion-de-riesgos\/","title":{"rendered":"Detecci\u00f3n de Incendios &#8211; Prevenci\u00f3n de Riesgos"},"content":{"rendered":"\n<main class=\"plabs_service\">\n    <div class=\"plabs_service_hero\">\n        <div>\n            <video width=\"640\" height=\"360\" autoplay loop muted>\n                <source src=\"\/wp-content\/uploads\/2025\/09\/video.mp4\" type=\"video\/mp4\">\n                Tu navegador no soporta el formato de video .mov\n            <\/video>\n        <\/div>\n        <div class=\"plabs_service_content\">\n            <h1>&#8220;Ataja el peligro antes de que comience&#8221;\n            <\/h1>\n\n            <p>Sistema que identifica humo, calor o llamas en segundos.<\/p>\n            <h3>Detecci\u00f3n de Incendios &#8211; Prevenci\u00f3n de Riesgos<\/h3>\n\n\n            <div class=\"plabs_service_acordeon\">\n                <!-- Item 1 -->\n                <div class=\"plabs_service_acordeon_item\">\n                    <div class=\"plabs_service_acordeon_header\">\n                        <div class=\"plabs_service_acordeon_header_content\">\n                            <img decoding=\"async\" width=\"17px\" src=\"\/wp-content\/uploads\/2025\/09\/caracteristicas.png\" alt=\"\">\n                            <h4>CARACTER\u00cdSTICAS<\/h4>\n                        <\/div>\n                        <div>\n                            <svg width=\"14\" height=\"8\" viewBox=\"0 0 14 8\" fill=\"none\"\n                                xmlns=\"http:\/\/www.w3.org\/2000\/svg\">\n                                <path fill-rule=\"evenodd\" clip-rule=\"evenodd\"\n                                    d=\"M13.6922 1.44219L7.44219 7.69219C7.32496 7.80955 7.16588 7.87549 7 7.87549C6.83412 7.87549 6.67504 7.80955 6.55781 7.69219L0.307812 1.44219C0.0635991 1.19797 0.0635991 0.802026 0.307812 0.557813C0.552026 0.313599 0.947974 0.313599 1.19219 0.557813L7 6.36641L12.8078 0.557813C13.052 0.313599 13.448 0.313599 13.6922 0.557813C13.9364 0.802026 13.9364 1.19797 13.6922 1.44219Z\"\n                                    fill=\"#122E5C\" \/>\n                            <\/svg>\n                        <\/div>\n                    <\/div>\n                    <div class=\"plabs_service_acordeon_content\">\n                        <ul>\n                            <li>Sensores inteligentes<\/li>\n                            <li>Alertas audibles y notificaciones<\/li>\n                            <li>Activaci\u00f3n de sistemas de supresi\u00f3n<\/li>\n                        <\/ul>\n                    <\/div>\n                <\/div>\n                <!-- Item 1 -->\n\n\n                <!-- Item 2-->\n                <div class=\"plabs_service_acordeon_item\">\n                    <div class=\"plabs_service_acordeon_header\">\n                        <div class=\"plabs_service_acordeon_header_content\">\n                            <img decoding=\"async\" width=\"17px\" src=\"\/wp-content\/uploads\/2025\/09\/beneficios.png\" alt=\"\">\n                            <h4>BENEFICIOS<\/h4>\n                        <\/div>\n                        <div>\n                            <svg width=\"14\" height=\"8\" viewBox=\"0 0 14 8\" fill=\"none\"\n                                xmlns=\"http:\/\/www.w3.org\/2000\/svg\">\n                                <path fill-rule=\"evenodd\" clip-rule=\"evenodd\"\n                                    d=\"M13.6922 1.44219L7.44219 7.69219C7.32496 7.80955 7.16588 7.87549 7 7.87549C6.83412 7.87549 6.67504 7.80955 6.55781 7.69219L0.307812 1.44219C0.0635991 1.19797 0.0635991 0.802026 0.307812 0.557813C0.552026 0.313599 0.947974 0.313599 1.19219 0.557813L7 6.36641L12.8078 0.557813C13.052 0.313599 13.448 0.313599 13.6922 0.557813C13.9364 0.802026 13.9364 1.19797 13.6922 1.44219Z\"\n                                    fill=\"#122E5C\" \/>\n                            <\/svg>\n                        <\/div>\n                    <\/div>\n                    <div class=\"plabs_service_acordeon_content\">\n                        <p>\n                            Alerta temprana autom\u00e1tica que salva vidas y minimiza da\u00f1os al activar protocolos de\n                            emergencia.\n                        <\/p>\n                    <\/div>\n                <\/div>\n                <!-- Item 2-->\n\n\n                <!-- Item 3-->\n                <div class=\"plabs_service_acordeon_item\">\n                    <div class=\"plabs_service_acordeon_header\">\n                        <div class=\"plabs_service_acordeon_header_content\">\n                            <img decoding=\"async\" width=\"17px\" src=\"\/wp-content\/uploads\/2025\/09\/sectores.png\" alt=\"\">\n                            <h4>SECTORES<\/h4>\n                        <\/div>\n                        <div>\n                            <svg width=\"14\" height=\"8\" viewBox=\"0 0 14 8\" fill=\"none\"\n                                xmlns=\"http:\/\/www.w3.org\/2000\/svg\">\n                                <path fill-rule=\"evenodd\" clip-rule=\"evenodd\"\n                                    d=\"M13.6922 1.44219L7.44219 7.69219C7.32496 7.80955 7.16588 7.87549 7 7.87549C6.83412 7.87549 6.67504 7.80955 6.55781 7.69219L0.307812 1.44219C0.0635991 1.19797 0.0635991 0.802026 0.307812 0.557813C0.552026 0.313599 0.947974 0.313599 1.19219 0.557813L7 6.36641L12.8078 0.557813C13.052 0.313599 13.448 0.313599 13.6922 0.557813C13.9364 0.802026 13.9364 1.19797 13.6922 1.44219Z\"\n                                    fill=\"#122E5C\" \/>\n                            <\/svg>\n                        <\/div>\n                    <\/div>\n                    <div class=\"plabs_service_acordeon_content\">\n                        <p>\n                            Ideal para: Hogares, negocios, industrias y espacios p\u00fablicos.\n                        <\/p>\n                    <\/div>\n                <\/div>\n                <!-- Item 3-->\n\n\n                <!-- Item 4-->\n                <div class=\"plabs_service_acordeon_item\">\n                    <div class=\"plabs_service_acordeon_header\">\n                        <div class=\"plabs_service_acordeon_header_content\">\n                            <img decoding=\"async\" width=\"17px\" src=\"\/wp-content\/uploads\/2025\/09\/experiencia.png\" alt=\"\">\n                            <h4>EXPERIENCIA<\/h4>\n                        <\/div>\n                        <div>\n                            <svg width=\"14\" height=\"8\" viewBox=\"0 0 14 8\" fill=\"none\"\n                                xmlns=\"http:\/\/www.w3.org\/2000\/svg\">\n                                <path fill-rule=\"evenodd\" clip-rule=\"evenodd\"\n                                    d=\"M13.6922 1.44219L7.44219 7.69219C7.32496 7.80955 7.16588 7.87549 7 7.87549C6.83412 7.87549 6.67504 7.80955 6.55781 7.69219L0.307812 1.44219C0.0635991 1.19797 0.0635991 0.802026 0.307812 0.557813C0.552026 0.313599 0.947974 0.313599 1.19219 0.557813L7 6.36641L12.8078 0.557813C13.052 0.313599 13.448 0.313599 13.6922 0.557813C13.9364 0.802026 13.9364 1.19797 13.6922 1.44219Z\"\n                                    fill=\"#122E5C\" \/>\n                            <\/svg>\n                        <\/div>\n                    <\/div>\n                    <div class=\"plabs_service_acordeon_content\">\n                        <p>\n                            KPMG\n                        <\/p>\n                    <\/div>\n                <\/div>\n                <!-- Item 4-->\n\n            <\/div>\n\n        <\/div>\n    <\/div>\n\n\n    <div style=\"background-color: #FFF;\">\n\n        <div class=\"plabs_service_cta\">\n            <h4>\n                <span class=\"plabs_service_cta_title_v1\">\n                    &#8220;Su seguridad es\n                    <br>\n                    nuestro compromiso&#8221;\n                <\/span>\n                <br>\n                <span class=\"plabs_service_cta_title_v2\">\n                    \u00bfPor qu\u00e9 elegirnos?\n                <\/span>\n            <\/h4>\n            <div class=\"plabs_service_absolute_line\"><\/div>\n            <div class=\"plabs_service_line\">\n                <div class=\"i_d_section_timeline_item\">\n                    <div class=\"plabs_service_icon\">\n                        <img decoding=\"async\" src=\"\/wp-content\/uploads\/2025\/09\/tech-1.png\" \/>\n                    <\/div>\n                    <p class=\"plabs_service_cta_title\">Tecnolog\u00eda de\n                        <br>\n                        \u00faltima generaci\u00f3n\n                    <\/p>\n                <\/div>\n\n                <div class=\"i_d_section_timeline_item\">\n                    <div class=\"plabs_service_icon\">\n                        <img decoding=\"async\" src=\"\/wp-content\/uploads\/2025\/09\/instalation.png\" \/>\n                    <\/div>\n                    <p class=\"plabs_service_cta_title\">Instalaci\u00f3n\n                        <br>\n                        Profesional\n                    <\/p>\n                <\/div>\n\n\n                <div class=\"i_d_section_timeline_item\">\n                    <div class=\"plabs_service_icon\">\n                        <img decoding=\"async\" src=\"\/wp-content\/uploads\/2025\/09\/support.png\" \/>\n                    <\/div>\n                    <p class=\"plabs_service_cta_title\">Soporte 24\/7\n                    <\/p>\n                <\/div>\n\n                <div class=\"i_d_section_timeline_item\">\n                    <div class=\"plabs_service_icon\">\n                        <img decoding=\"async\" src=\"\/wp-content\/uploads\/2025\/09\/solutions.png\" \/>\n                    <\/div>\n                    <p class=\"plabs_service_cta_title\">Soluciones\n                        <br>\n                        Personalizadas\n                    <\/p>\n                <\/div>\n\n                <div class=\"i_d_section_timeline_item\">\n                    <div class=\"plabs_service_icon\">\n                        <img decoding=\"async\" src=\"\/wp-content\/uploads\/2025\/09\/free_attention.png\" \/>\n                    <\/div>\n                    <p class=\"plabs_service_cta_title\">Asesor\u00eda\n                        <br>\n                        Gratuita\n                    <\/p>\n                <\/div>\n            <\/div>\n        <\/div>\n\n        <div class=\"plabs_service_footer\">\n            <a id=\"Dincendios\" class=\"botoncontacto\" href=\"http:\/\/wa.me\/\/573184853352\" target=\"_blank\" rel=\"noopener\">\n                Cont\u00e1ctanos para una soluci\u00f3n a tu medida\n            <\/a>\n        <\/div>\n    <\/div>\n\n<\/main>\n","protected":false},"excerpt":{"rendered":"<p>Tu navegador no soporta el formato de video .mov &#8220;Ataja el peligro antes de que comience&#8221; Sistema que identifica humo, calor o llamas en segundos. Detecci\u00f3n de Incendios &#8211; Prevenci\u00f3n de Riesgos CARACTER\u00cdSTICAS Sensores inteligentes Alertas audibles y notificaciones Activaci\u00f3n de sistemas de supresi\u00f3n BENEFICIOS Alerta temprana autom\u00e1tica que salva vidas y minimiza da\u00f1os al [&hellip;]<\/p>\n","protected":false},"author":1,"featured_media":0,"parent":0,"menu_order":0,"comment_status":"closed","ping_status":"closed","template":"","meta":{"footnotes":""},"class_list":["post-91","page","type-page","status-publish","hentry"],"yoast_head":"<!-- This site is optimized with the Yoast SEO plugin v26.7 - https:\/\/yoast.com\/wordpress\/plugins\/seo\/ -->\n<title>Detecci\u00f3n de Incendios - Prevenci\u00f3n de Riesgos - rediseg.com<\/title>\n<meta name=\"robots\" content=\"index, follow, max-snippet:-1, max-image-preview:large, max-video-preview:-1\" \/>\n<link rel=\"canonical\" href=\"https:\/\/rediseg.com\/index.php\/deteccion-de-incendios-prevencion-de-riesgos\/\" \/>\n<meta property=\"og:locale\" content=\"es_ES\" \/>\n<meta property=\"og:type\" content=\"article\" \/>\n<meta property=\"og:title\" content=\"Detecci\u00f3n de Incendios - Prevenci\u00f3n de Riesgos - rediseg.com\" \/>\n<meta property=\"og:description\" content=\"Tu navegador no soporta el formato de video .mov &#8220;Ataja el peligro antes de que comience&#8221; Sistema que identifica humo, calor o llamas en segundos. Detecci\u00f3n de Incendios &#8211; Prevenci\u00f3n de Riesgos CARACTER\u00cdSTICAS Sensores inteligentes Alertas audibles y notificaciones Activaci\u00f3n de sistemas de supresi\u00f3n BENEFICIOS Alerta temprana autom\u00e1tica que salva vidas y minimiza da\u00f1os al [&hellip;]\" \/>\n<meta property=\"og:url\" content=\"https:\/\/rediseg.com\/index.php\/deteccion-de-incendios-prevencion-de-riesgos\/\" \/>\n<meta property=\"og:site_name\" content=\"rediseg.com\" \/>\n<meta property=\"article:modified_time\" content=\"2026-02-16T16:19:07+00:00\" \/>\n<meta name=\"twitter:card\" content=\"summary_large_image\" \/>\n<meta name=\"twitter:label1\" content=\"Tiempo de lectura\" \/>\n\t<meta name=\"twitter:data1\" content=\"3 minutos\" \/>\n<script type=\"application\/ld+json\" class=\"yoast-schema-graph\">{\"@context\":\"https:\/\/schema.org\",\"@graph\":[{\"@type\":\"WebPage\",\"@id\":\"https:\/\/rediseg.com\/index.php\/deteccion-de-incendios-prevencion-de-riesgos\/\",\"url\":\"https:\/\/rediseg.com\/index.php\/deteccion-de-incendios-prevencion-de-riesgos\/\",\"name\":\"Detecci\u00f3n de Incendios - Prevenci\u00f3n de Riesgos - rediseg.com\",\"isPartOf\":{\"@id\":\"https:\/\/rediseg.com\/#website\"},\"datePublished\":\"2025-09-12T19:43:34+00:00\",\"dateModified\":\"2026-02-16T16:19:07+00:00\",\"breadcrumb\":{\"@id\":\"https:\/\/rediseg.com\/index.php\/deteccion-de-incendios-prevencion-de-riesgos\/#breadcrumb\"},\"inLanguage\":\"es-CO\",\"potentialAction\":[{\"@type\":\"ReadAction\",\"target\":[\"https:\/\/rediseg.com\/index.php\/deteccion-de-incendios-prevencion-de-riesgos\/\"]}]},{\"@type\":\"BreadcrumbList\",\"@id\":\"https:\/\/rediseg.com\/index.php\/deteccion-de-incendios-prevencion-de-riesgos\/#breadcrumb\",\"itemListElement\":[{\"@type\":\"ListItem\",\"position\":1,\"name\":\"Inicio\",\"item\":\"https:\/\/rediseg.com\/\"},{\"@type\":\"ListItem\",\"position\":2,\"name\":\"Detecci\u00f3n de Incendios &#8211; Prevenci\u00f3n de Riesgos\"}]},{\"@type\":\"WebSite\",\"@id\":\"https:\/\/rediseg.com\/#website\",\"url\":\"https:\/\/rediseg.com\/\",\"name\":\"rediseg.com\",\"description\":\"\",\"publisher\":{\"@id\":\"https:\/\/rediseg.com\/#organization\"},\"potentialAction\":[{\"@type\":\"SearchAction\",\"target\":{\"@type\":\"EntryPoint\",\"urlTemplate\":\"https:\/\/rediseg.com\/?s={search_term_string}\"},\"query-input\":{\"@type\":\"PropertyValueSpecification\",\"valueRequired\":true,\"valueName\":\"search_term_string\"}}],\"inLanguage\":\"es-CO\"},{\"@type\":\"Organization\",\"@id\":\"https:\/\/rediseg.com\/#organization\",\"name\":\"rediseg.com\",\"url\":\"https:\/\/rediseg.com\/\",\"logo\":{\"@type\":\"ImageObject\",\"inLanguage\":\"es-CO\",\"@id\":\"https:\/\/rediseg.com\/#\/schema\/logo\/image\/\",\"url\":\"https:\/\/rediseg.com\/wp-content\/uploads\/2025\/09\/logo-rediseg.png\",\"contentUrl\":\"https:\/\/rediseg.com\/wp-content\/uploads\/2025\/09\/logo-rediseg.png\",\"width\":144,\"height\":22,\"caption\":\"rediseg.com\"},\"image\":{\"@id\":\"https:\/\/rediseg.com\/#\/schema\/logo\/image\/\"}}]}<\/script>\n<!-- \/ Yoast SEO plugin. -->","yoast_head_json":{"title":"Detecci\u00f3n de Incendios - Prevenci\u00f3n de Riesgos - rediseg.com","robots":{"index":"index","follow":"follow","max-snippet":"max-snippet:-1","max-image-preview":"max-image-preview:large","max-video-preview":"max-video-preview:-1"},"canonical":"https:\/\/rediseg.com\/index.php\/deteccion-de-incendios-prevencion-de-riesgos\/","og_locale":"es_ES","og_type":"article","og_title":"Detecci\u00f3n de Incendios - Prevenci\u00f3n de Riesgos - rediseg.com","og_description":"Tu navegador no soporta el formato de video .mov &#8220;Ataja el peligro antes de que comience&#8221; Sistema que identifica humo, calor o llamas en segundos. Detecci\u00f3n de Incendios &#8211; Prevenci\u00f3n de Riesgos CARACTER\u00cdSTICAS Sensores inteligentes Alertas audibles y notificaciones Activaci\u00f3n de sistemas de supresi\u00f3n BENEFICIOS Alerta temprana autom\u00e1tica que salva vidas y minimiza da\u00f1os al [&hellip;]","og_url":"https:\/\/rediseg.com\/index.php\/deteccion-de-incendios-prevencion-de-riesgos\/","og_site_name":"rediseg.com","article_modified_time":"2026-02-16T16:19:07+00:00","twitter_card":"summary_large_image","twitter_misc":{"Tiempo de lectura":"3 minutos"},"schema":{"@context":"https:\/\/schema.org","@graph":[{"@type":"WebPage","@id":"https:\/\/rediseg.com\/index.php\/deteccion-de-incendios-prevencion-de-riesgos\/","url":"https:\/\/rediseg.com\/index.php\/deteccion-de-incendios-prevencion-de-riesgos\/","name":"Detecci\u00f3n de Incendios - Prevenci\u00f3n de Riesgos - rediseg.com","isPartOf":{"@id":"https:\/\/rediseg.com\/#website"},"datePublished":"2025-09-12T19:43:34+00:00","dateModified":"2026-02-16T16:19:07+00:00","breadcrumb":{"@id":"https:\/\/rediseg.com\/index.php\/deteccion-de-incendios-prevencion-de-riesgos\/#breadcrumb"},"inLanguage":"es-CO","potentialAction":[{"@type":"ReadAction","target":["https:\/\/rediseg.com\/index.php\/deteccion-de-incendios-prevencion-de-riesgos\/"]}]},{"@type":"BreadcrumbList","@id":"https:\/\/rediseg.com\/index.php\/deteccion-de-incendios-prevencion-de-riesgos\/#breadcrumb","itemListElement":[{"@type":"ListItem","position":1,"name":"Inicio","item":"https:\/\/rediseg.com\/"},{"@type":"ListItem","position":2,"name":"Detecci\u00f3n de Incendios &#8211; Prevenci\u00f3n de Riesgos"}]},{"@type":"WebSite","@id":"https:\/\/rediseg.com\/#website","url":"https:\/\/rediseg.com\/","name":"rediseg.com","description":"","publisher":{"@id":"https:\/\/rediseg.com\/#organization"},"potentialAction":[{"@type":"SearchAction","target":{"@type":"EntryPoint","urlTemplate":"https:\/\/rediseg.com\/?s={search_term_string}"},"query-input":{"@type":"PropertyValueSpecification","valueRequired":true,"valueName":"search_term_string"}}],"inLanguage":"es-CO"},{"@type":"Organization","@id":"https:\/\/rediseg.com\/#organization","name":"rediseg.com","url":"https:\/\/rediseg.com\/","logo":{"@type":"ImageObject","inLanguage":"es-CO","@id":"https:\/\/rediseg.com\/#\/schema\/logo\/image\/","url":"https:\/\/rediseg.com\/wp-content\/uploads\/2025\/09\/logo-rediseg.png","contentUrl":"https:\/\/rediseg.com\/wp-content\/uploads\/2025\/09\/logo-rediseg.png","width":144,"height":22,"caption":"rediseg.com"},"image":{"@id":"https:\/\/rediseg.com\/#\/schema\/logo\/image\/"}}]}},"_links":{"self":[{"href":"https:\/\/rediseg.com\/index.php\/wp-json\/wp\/v2\/pages\/91","targetHints":{"allow":["GET"]}}],"collection":[{"href":"https:\/\/rediseg.com\/index.php\/wp-json\/wp\/v2\/pages"}],"about":[{"href":"https:\/\/rediseg.com\/index.php\/wp-json\/wp\/v2\/types\/page"}],"author":[{"embeddable":true,"href":"https:\/\/rediseg.com\/index.php\/wp-json\/wp\/v2\/users\/1"}],"replies":[{"embeddable":true,"href":"https:\/\/rediseg.com\/index.php\/wp-json\/wp\/v2\/comments?post=91"}],"version-history":[{"count":5,"href":"https:\/\/rediseg.com\/index.php\/wp-json\/wp\/v2\/pages\/91\/revisions"}],"predecessor-version":[{"id":647,"href":"https:\/\/rediseg.com\/index.php\/wp-json\/wp\/v2\/pages\/91\/revisions\/647"}],"wp:attachment":[{"href":"https:\/\/rediseg.com\/index.php\/wp-json\/wp\/v2\/media?parent=91"}],"curies":[{"name":"wp","href":"https:\/\/api.w.org\/{rel}","templated":true}]}}